{"id":16,"date":"2022-07-09T08:10:55","date_gmt":"2022-07-09T08:10:55","guid":{"rendered":"http:\/\/uibiproject.org\/uibiproject.org\/?page_id=5"},"modified":"2023-12-28T19:42:24","modified_gmt":"2023-12-28T19:42:24","slug":"networking","status":"publish","type":"page","link":"https:\/\/iene11.eu\/es\/networking\/","title":{"rendered":"Reuniones de Trabajo"},"content":{"rendered":"<p>Este es el espacio para trabajar en red, compartir ideas y transferir buenas pr\u00e1cticas, desarrollar la cooperaci\u00f3n europea, fomentar y apoyar la informaci\u00f3n y el aprendizaje.<\/p>\n<table style=\"height: 1247px;\" width=\"1106\">\n<tbody>\n<tr>\n<td>\n<h3>MATERIALES DE DIFUSI\u00d3N<\/h3>\n<\/td>\n<\/tr>\n<tr>\n<td><strong>Folleto \u00a0 \u00a0 \u00a0 \u00a0 \u00a0 <\/strong>\u00a0 <a href=\"https:\/\/iene11.eu\/wp-content\/uploads\/2022\/09\/IENE-11-Leaflet_EN-5.pdf\">English<\/a> \u00a0\u00a0\u00a0 <a href=\"https:\/\/iene11.eu\/wp-content\/uploads\/2022\/09\/IENE-11-Leaflet_Romanian.pdf\">Romanian<\/a>\u00a0 \u00a0 \u00a0 <a href=\"https:\/\/iene11.eu\/wp-content\/uploads\/2022\/09\/Iene-9-Leaflet_EL.pdf\">Greek<\/a>\u00a0 \u00a0 \u00a0 <a href=\"https:\/\/iene11.eu\/wp-content\/uploads\/2022\/09\/IENE-11-Leaflet_Spanish.es_.pdf\">Spanish<\/a><\/p>\n<p><strong>Bolet\u00edn 1<\/strong> \u00a0 \u00a0 \u00a0 \u00a0 <a href=\"https:\/\/iene11.eu\/wp-content\/uploads\/2022\/09\/IENE-11-Newsletter-1-_EN.pdf\">English<\/a> \u00a0\u00a0\u00a0 <a href=\"https:\/\/iene11.eu\/wp-content\/uploads\/2022\/09\/IENE-11-Newsletter-1-_Romanian.pdf\">Romanian<\/a>\u00a0 \u00a0 \u00a0 <a href=\"https:\/\/iene11.eu\/wp-content\/uploads\/2022\/09\/IENE-11-Newsletter-1-_GR.pdf\">Greek<\/a>\u00a0 \u00a0 \u00a0 <a href=\"https:\/\/iene11.eu\/wp-content\/uploads\/2022\/09\/IENE-11-Newsletter-1-_Spanish.es-.pdf\">Spanish<\/a><\/p>\n<p><strong>Bolet\u00edn 2<\/strong> \u00a0\u00a0 \u00a0\u00a0 \u00a0\u00a0<a href=\"https:\/\/iene11.eu\/wp-content\/uploads\/2022\/12\/IENE-11-Newsletter-2-_EN.pdf\">English<\/a> \u00a0\u00a0\u00a0 <a href=\"https:\/\/iene11.eu\/wp-content\/uploads\/2022\/12\/IENE-11-Newsletter-2-_Romanian.pdf\">Romanian<\/a>\u00a0 \u00a0 \u00a0 <a href=\"https:\/\/iene11.eu\/wp-content\/uploads\/2022\/12\/IENE-11-Newsletter-2-_GR.pdf\">Greek<\/a>\u00a0 \u00a0 \u00a0 <a href=\"https:\/\/iene11.eu\/wp-content\/uploads\/2022\/09\/IENE-11-Newsletter-1-_Spanish.es-.pdf\">Spanish<\/a><\/p>\n<p><strong>Bolet\u00edn 3 \u00a0 \u00a0\u00a0<\/strong> \u00a0\u00a0<a href=\"https:\/\/iene11.eu\/wp-content\/uploads\/2023\/02\/IENE-11-Newsletter-3-_EN.pdf\"> English<\/a> \u00a0\u00a0\u00a0 <a href=\"https:\/\/iene11.eu\/wp-content\/uploads\/2023\/02\/IENE-11-Newsletter-3-_Romanian.pdf\">Romanian<\/a>\u00a0 \u00a0 <a href=\"https:\/\/iene11.eu\/wp-content\/uploads\/2023\/03\/IENE-11-Newsletter-3-_GR.docx\">\u00a0 Greek \u00a0<\/a> \u00a0 <a href=\"https:\/\/iene11.eu\/wp-content\/uploads\/2023\/03\/IENE-11-Newsletter-3.-Spanish.pdf.pdf\">\u00a0 Spanish<\/a><\/p>\n<p><strong>Bolet\u00edn 4<\/strong> \u00a0 \u00a0 \u00a0 \u00a0<a href=\"https:\/\/iene11.eu\/wp-content\/uploads\/2023\/07\/IENE-11-Newsletter-4-_EN.pdf\"> English<\/a> \u00a0\u00a0\u00a0 <a href=\"https:\/\/iene11.eu\/wp-content\/uploads\/2023\/07\/IENE-11-Newsletter-4-_Romanian.pdf\">Romanian<\/a>\u00a0 \u00a0 \u00a0 Greek \u00a0 \u00a0 \u00a0 <a href=\"https:\/\/iene11.eu\/wp-content\/uploads\/2023\/07\/IENE-11-Newsletter-4-_Spanish.docx\">Spanish<\/a><\/p>\n<p><strong>MOOC Poster<\/strong> \u00a0 <a href=\"https:\/\/iene11.eu\/wp-content\/uploads\/2023\/07\/MOOC-Poster_English.png\">English<\/a> \u00a0 <a href=\"https:\/\/iene11.eu\/wp-content\/uploads\/2023\/07\/MOOC-Poster_Romanian.png\">Romanian<\/a>\u00a0 \u00a0 \u00a0 Greek \u00a0 \u00a0 \u00a0 <a href=\"https:\/\/iene11.eu\/wp-content\/uploads\/2023\/07\/MOOC-Poster-Spanish.docx\">Spanish<\/a><\/p>\n<p><strong>MOOC Folleto<\/strong> \u00a0 <a href=\"https:\/\/iene11.eu\/wp-content\/uploads\/2023\/07\/Mooc-Flyer.png\">English<\/a> \u00a0\u00a0\u00a0 <a href=\"https:\/\/iene11.eu\/wp-content\/uploads\/2023\/07\/Mooc-Flyer_RO.png\">Romanian<\/a>\u00a0 \u00a0 \u00a0 Greek \u00a0 \u00a0 \u00a0<a href=\"https:\/\/iene11.eu\/wp-content\/uploads\/2023\/07\/Mooc-Flyer-Spanish.docx\"> Spanish<\/a><\/td>\n<\/tr>\n<tr>\n<td>\n<h3>EVENTOS MULTIPLICADORES<\/h3>\n<ul>\n<li>\u00a0Seminario Nacional en Rumania<\/li>\n<li>\u00a0Seminario Nacional en Chipre<\/li>\n<li>\u00a0 Seminario Nacional en Grecia<\/li>\n<li>Conferencia Europea en Espa\u00f1a<\/li>\n<\/ul>\n<\/td>\n<\/tr>\n<tr>\n<td>\n<h3>DISSEMINATION ACTIVITIES<\/h3>\n<p>IENE 11- PROVAC: A European Curriculum Model for Empowering Nurses and Healthcare Professionals to Promote Vaccination and Tackle Vaccine Hesitancy &#8211; Poster presented \u00a0 to ETNA2023 (8th International Conference of the European Transcultural Nursing Association) by Elena Rousou<\/td>\n<\/tr>\n<tr>\n<td>\n<h4>IEN 11 EN INTERNET<\/h4>\n<p>\u00b7\u00a0\u00a0\u00a0\u00a0\u00a0\u00a0\u00a0\u00a0\u00a0<a href=\"https:\/\/www.facebook.com\/IENE-11-100192892692083\" target=\"_blank\" rel=\"noopener\"><u>P\u00e1gina de Facebook<\/u><\/a><\/p>\n<p>\u00b7\u00a0\u00a0\u00a0\u00a0\u00a0\u00a0\u00a0\u00a0 <a href=\"https:\/\/twitter.com\/11Iene\/\" target=\"_blank\" rel=\"noopener\"><u>P\u00e1gina de <\/u>Twitter\u00a0 <\/a><\/p>\n<p>\u00b7\u00a0\u00a0\u00a0\u00a0\u00a0\u00a0\u00a0<a href=\"https:\/\/www.youtube.com\/channel\/UC2N_owm_XTVFpxDrbMjdHqA\">\u00a0 <u>Canal de <\/u>Youtube <\/a><\/td>\n<\/tr>\n<tr>\n<td>\n<h4>IENE 11 EN LOS MEDIOS<\/h4>\n<p>Comunicado de prensa 1\u00a0\u00a0\u00a0\u00a0 <a href=\"https:\/\/iene11.eu\/wp-content\/uploads\/2022\/09\/press-release-1-English.docx\">English<\/a> \u00a0\u00a0\u00a0 <a href=\"https:\/\/iene11.eu\/wp-content\/uploads\/2022\/09\/press-release-1-Romanian.docx\">Romanian<\/a>\u00a0 \u00a0 \u00a0 <a href=\"https:\/\/iene11.eu\/wp-content\/uploads\/2022\/09\/IENE-11-press-release-1_GR.docx\">Greek<\/a>\u00a0 \u00a0 \u00a0 <a href=\"https:\/\/iene11.eu\/wp-content\/uploads\/2022\/10\/27.06_press-release-1-F-SPANISH.pdf\">Spanish<\/a><\/p>\n<p>Comunicado de prensa 2\u00a0 \u00a0<a href=\"https:\/\/iene11.eu\/wp-content\/uploads\/2023\/07\/press-release-2-revised_English.docx\"> English<\/a> \u00a0\u00a0\u00a0 Romanian\u00a0 \u00a0 \u00a0 Greek\u00a0 \u00a0 \u00a0 <a href=\"https:\/\/iene11.eu\/wp-content\/uploads\/2023\/07\/Press-release-2-Spanish.docx\">Spanish<\/a><\/p>\n<p><a href=\"https:\/\/iene11.eu\/project\/photo-galery\/\">PHOTO GALLERY<\/a><\/td>\n<\/tr>\n<\/tbody>\n<\/table>\n<div class=\"notranslate\" style=\"all: initial;\"><\/div>\n","protected":false},"excerpt":{"rendered":"<p>Este es el espacio para trabajar en red, compartir ideas y transferir buenas pr\u00e1cticas, desarrollar la cooperaci\u00f3n europea, fomentar y apoyar la informaci\u00f3n y el aprendizaje. MATERIALES DE DIFUSI\u00d3N Folleto \u00a0 \u00a0 \u00a0 \u00a0 \u00a0 \u00a0 English \u00a0\u00a0\u00a0 Romanian\u00a0 \u00a0 \u00a0 Greek\u00a0 \u00a0 \u00a0 Spanish Bolet\u00edn 1 \u00a0 \u00a0 \u00a0 \u00a0 English \u00a0\u00a0\u00a0 Romanian\u00a0 \u00a0 \u00a0 Greek\u00a0 \u00a0 \u00a0 Spanish Bolet\u00edn 2 \u00a0\u00a0 \u00a0\u00a0 \u00a0\u00a0English \u00a0\u00a0\u00a0 Romanian\u00a0 \u00a0 \u00a0 Greek\u00a0 \u00a0 \u00a0 Spanish Bolet\u00edn 3 \u00a0 \u00a0\u00a0 \u00a0\u00a0 English \u00a0\u00a0\u00a0 Romanian\u00a0 \u00a0 \u00a0 Greek \u00a0 \u00a0 \u00a0 Spanish Bolet\u00edn 4 \u00a0 \u00a0 \u00a0 \u00a0 English \u00a0\u00a0\u00a0 Romanian\u00a0 \u00a0 \u00a0 Greek [&hellip;]<\/p>\n","protected":false},"author":1,"featured_media":0,"parent":0,"menu_order":13,"comment_status":"closed","ping_status":"closed","template":"","meta":{"footnotes":""},"class_list":["post-16","page","type-page","status-publish","hentry"],"translation":{"provider":"WPGlobus","version":"2.12.2","language":"es","enabled_languages":["en","es","el","ro"],"languages":{"en":{"title":true,"content":true,"excerpt":false},"es":{"title":true,"content":true,"excerpt":false},"el":{"title":false,"content":true,"excerpt":false},"ro":{"title":true,"content":true,"excerpt":false}}},"yoast_head":"<!-- This site is optimized with the Yoast SEO plugin v21.1 - https:\/\/yoast.com\/wordpress\/plugins\/seo\/ -->\n<title>Reuniones de Trabajo -<\/title>\n<meta name=\"robots\" content=\"index, follow, max-snippet:-1, max-image-preview:large, max-video-preview:-1\" \/>\n<link rel=\"canonical\" href=\"https:\/\/iene11.eu\/networking\/\" \/>\n<meta property=\"og:locale\" content=\"es_ES\" \/>\n<meta property=\"og:type\" content=\"article\" \/>\n<meta property=\"og:title\" content=\"Reuniones de Trabajo -\" \/>\n<meta property=\"og:url\" content=\"https:\/\/iene11.eu\/networking\/\" \/>\n<meta property=\"article:modified_time\" content=\"2023-12-28T19:42:24+00:00\" \/>\n<meta name=\"twitter:card\" content=\"summary_large_image\" \/>\n<meta name=\"twitter:label1\" content=\"Est. reading time\" \/>\n\t<meta name=\"twitter:data1\" content=\"1 minute\" \/>\n<script type=\"application\/ld+json\" class=\"yoast-schema-graph\">{\"@context\":\"https:\/\/schema.org\",\"@graph\":[{\"@type\":\"WebPage\",\"@id\":\"https:\/\/iene11.eu\/networking\/\",\"url\":\"https:\/\/iene11.eu\/networking\/\",\"name\":\"Reuniones de Trabajo -\",\"isPartOf\":{\"@id\":\"https:\/\/iene11.eu\/#website\"},\"datePublished\":\"2022-07-09T08:10:55+00:00\",\"dateModified\":\"2023-12-28T19:42:24+00:00\",\"breadcrumb\":{\"@id\":\"https:\/\/iene11.eu\/networking\/#breadcrumb\"},\"inLanguage\":\"es-ES\",\"potentialAction\":[{\"@type\":\"ReadAction\",\"target\":[\"https:\/\/iene11.eu\/networking\/\"]}]},{\"@type\":\"BreadcrumbList\",\"@id\":\"https:\/\/iene11.eu\/networking\/#breadcrumb\",\"itemListElement\":[{\"@type\":\"ListItem\",\"position\":1,\"name\":\"Home\",\"item\":\"https:\/\/iene11.eu\/\"},{\"@type\":\"ListItem\",\"position\":2,\"name\":\"Networking\"}]},{\"@type\":\"WebSite\",\"@id\":\"https:\/\/iene11.eu\/#website\",\"url\":\"https:\/\/iene11.eu\/\",\"name\":\"\",\"description\":\"Empowering nurses and healthcare professionals to promote vaccination and tackle vaccine hesitancy\",\"potentialAction\":[{\"@type\":\"SearchAction\",\"target\":{\"@type\":\"EntryPoint\",\"urlTemplate\":\"https:\/\/iene11.eu\/?s={search_term_string}\"},\"query-input\":\"required name=search_term_string\"}],\"inLanguage\":\"es-ES\"}]}<\/script>\n<!-- \/ Yoast SEO plugin. -->","yoast_head_json":{"title":"Reuniones de Trabajo -","robots":{"index":"index","follow":"follow","max-snippet":"max-snippet:-1","max-image-preview":"max-image-preview:large","max-video-preview":"max-video-preview:-1"},"canonical":"https:\/\/iene11.eu\/networking\/","og_locale":"es_ES","og_type":"article","og_title":"Reuniones de Trabajo -","og_url":"https:\/\/iene11.eu\/networking\/","article_modified_time":"2023-12-28T19:42:24+00:00","twitter_card":"summary_large_image","twitter_misc":{"Est. reading time":"1 minute"},"schema":{"@context":"https:\/\/schema.org","@graph":[{"@type":"WebPage","@id":"https:\/\/iene11.eu\/networking\/","url":"https:\/\/iene11.eu\/networking\/","name":"Reuniones de Trabajo -","isPartOf":{"@id":"https:\/\/iene11.eu\/#website"},"datePublished":"2022-07-09T08:10:55+00:00","dateModified":"2023-12-28T19:42:24+00:00","breadcrumb":{"@id":"https:\/\/iene11.eu\/networking\/#breadcrumb"},"inLanguage":"es-ES","potentialAction":[{"@type":"ReadAction","target":["https:\/\/iene11.eu\/networking\/"]}]},{"@type":"BreadcrumbList","@id":"https:\/\/iene11.eu\/networking\/#breadcrumb","itemListElement":[{"@type":"ListItem","position":1,"name":"Home","item":"https:\/\/iene11.eu\/"},{"@type":"ListItem","position":2,"name":"Networking"}]},{"@type":"WebSite","@id":"https:\/\/iene11.eu\/#website","url":"https:\/\/iene11.eu\/","name":"","description":"Empowering nurses and healthcare professionals to promote vaccination and tackle vaccine hesitancy","potentialAction":[{"@type":"SearchAction","target":{"@type":"EntryPoint","urlTemplate":"https:\/\/iene11.eu\/?s={search_term_string}"},"query-input":"required name=search_term_string"}],"inLanguage":"es-ES"}]}},"_links":{"self":[{"href":"https:\/\/iene11.eu\/es\/wp-json\/wp\/v2\/pages\/16","targetHints":{"allow":["GET"]}}],"collection":[{"href":"https:\/\/iene11.eu\/es\/wp-json\/wp\/v2\/pages"}],"about":[{"href":"https:\/\/iene11.eu\/es\/wp-json\/wp\/v2\/types\/page"}],"author":[{"embeddable":true,"href":"https:\/\/iene11.eu\/es\/wp-json\/wp\/v2\/users\/1"}],"replies":[{"embeddable":true,"href":"https:\/\/iene11.eu\/es\/wp-json\/wp\/v2\/comments?post=16"}],"version-history":[{"count":34,"href":"https:\/\/iene11.eu\/es\/wp-json\/wp\/v2\/pages\/16\/revisions"}],"predecessor-version":[{"id":6982,"href":"https:\/\/iene11.eu\/es\/wp-json\/wp\/v2\/pages\/16\/revisions\/6982"}],"wp:attachment":[{"href":"https:\/\/iene11.eu\/es\/wp-json\/wp\/v2\/media?parent=16"}],"curies":[{"name":"wp","href":"https:\/\/api.w.org\/{rel}","templated":true}]}}