{"id":17,"date":"2022-07-04T08:21:54","date_gmt":"2022-07-04T08:21:54","guid":{"rendered":"http:\/\/uibiproject.org\/uibiproject.org\/?page_id=15"},"modified":"2023-08-29T16:32:35","modified_gmt":"2023-08-29T16:32:35","slug":"partners","status":"publish","type":"page","link":"https:\/\/iene11.eu\/es\/project\/partners\/","title":{"rendered":"SOCIOS"},"content":{"rendered":"<h3><strong>COORDINATOR<\/strong><\/h3>\n<table border=\"0\">\n<tbody>\n<tr>\n<td style=\"text-align: center;\" rowspan=\"2\" width=\"20%\"><img loading=\"lazy\" decoding=\"async\" class=\"alignnone size-full wp-image-3110\" src=\"https:\/\/iene11.eu\/wp-content\/uploads\/2022\/07\/sigla_edunet_png-e1658244513676.png\" alt=\"\" width=\"150\" height=\"122\" \/><\/td>\n<td style=\"text-align: center;\" bgcolor=\"#d8b446\"><strong>EDUNET ORGANIZATION , CRAIOVA, ROMANIA<\/strong><\/p>\n<h4><a href=\"http:\/\/www.edu-net.ro\"><strong>www.edu-net.ro<\/strong><\/a><\/h4>\n<\/td>\n<\/tr>\n<tr>\n<td width=\"80%\">EDUNET es una organizaci\u00f3n sin \u00e1nimo de lucro que brinda servicios y recursos para promover la educaci\u00f3n permanente, apoyar la educaci\u00f3n profesional, la ciudadan\u00eda activa y el desarrollo duradero.<\/p>\n<p>EDUNET es un proveedor autorizado de cualificaci\u00f3n y formaci\u00f3n profesional de adultos y cuenta con dos escuelas de formaci\u00f3n profesional para la cualificaci\u00f3n inicial de enfermeras.<\/td>\n<\/tr>\n<\/tbody>\n<\/table>\n<h3><strong>PARTNERS<\/strong><\/h3>\n<table border=\"0\">\n<tbody>\n<tr>\n<td style=\"text-align: center;\" rowspan=\"2\" width=\"20%\"><img loading=\"lazy\" decoding=\"async\" class=\"alignnone size-full wp-image-3111\" src=\"https:\/\/iene11.eu\/wp-content\/uploads\/2022\/07\/cut.jpg\" alt=\"\" width=\"200\" height=\"80\" \/><\/td>\n<td style=\"text-align: center;\" bgcolor=\"#d8b446\"><strong>CYPRUS UNIVERSITY OF TECHNOLOGY, LIMASSOL, CYPRUS<\/strong><\/p>\n<h4><a href=\"http:\/\/www.cut.ac.cy\">www.cut.ac.cy<\/a><\/h4>\n<\/td>\n<\/tr>\n<tr>\n<td width=\"80%\">Un par\u00e1metro importante del reconocimiento internacional que recibe la Universidad son las listas de rankings universitarios internacionales. En menos de 14 a\u00f1os de funcionamiento, la Universidad Tecnol\u00f3gica de Chipre (CTU) ha logrado ser incluida en las tres listas de ranking m\u00e1s importantes y reconocidas a nivel mundial: <strong>Times Higher Education, QS y Shanghai<\/strong>, ocupando altos puestos.<\/p>\n<p>Espec\u00edficamente, en el ranking mundial de universidades de <strong>Times Higher Education<\/strong>, TPC est\u00e1 clasificada entre las <strong>301-350 mejores universidades del mundo<\/strong> y la primera entre las universidades de Chipre y Grecia en los a\u00f1os 2020, 2019 y 2018.<\/td>\n<\/tr>\n<\/tbody>\n<\/table>\n<table border=\"0\">\n<tbody>\n<tr>\n<td style=\"text-align: center;\" rowspan=\"2\" width=\"20%\"><img loading=\"lazy\" decoding=\"async\" class=\"alignnone size-full wp-image-3112\" src=\"https:\/\/iene11.eu\/wp-content\/uploads\/2022\/07\/Logo-ual.gif\" alt=\"\" width=\"150\" height=\"98\" \/><\/td>\n<td style=\"text-align: center;\" bgcolor=\"#d8b446\">\n<h4><strong>UNIVERSITY OF ALMERIA, SPAIN<\/strong><\/h4>\n<h4><a href=\"http:\/\/www.ual.es\">www.ual.es<\/a><\/h4>\n<\/td>\n<\/tr>\n<tr>\n<td width=\"80%\">La Universidad de Almer\u00eda (UAL) fue fundada en 1993. Hoy cuenta con m\u00e1s de 12.000 estudiantes, incluidos 600 estudiantes de doctorado. A pesar de su reciente creaci\u00f3n, la UAL cuenta con una moderna infraestructura, una estupenda biblioteca, laboratorios de \u00faltima generaci\u00f3n, cafeter\u00edas\u2026<\/p>\n<p>Nuestro principal prop\u00f3sito es adaptar nuestros servicios a las nuevas exigencias de nuestra sociedad para alcanzar los objetivos de calidad y eficiencia en la docencia, la investigaci\u00f3n y la gesti\u00f3n.<\/td>\n<\/tr>\n<\/tbody>\n<\/table>\n<table border=\"0\">\n<tbody>\n<tr>\n<td style=\"text-align: center;\" rowspan=\"2\" width=\"20%\"><img loading=\"lazy\" decoding=\"async\" class=\"alignnone size-full wp-image-3113\" src=\"https:\/\/iene11.eu\/wp-content\/uploads\/2022\/07\/Logo-Univ-Atena.png\" alt=\"\" width=\"200\" height=\"46\" \/><\/td>\n<td style=\"text-align: center;\" bgcolor=\"#d8b446\">\n<h4><strong>National and Kapodistrian University of Athens, Greece<\/strong><\/h4>\n<p><a href=\"http:\/\/www.uoa.gr\">www.uoa.gr<\/a><\/td>\n<\/tr>\n<tr>\n<td width=\"80%\">ThLa idea de establecer una Universidad en Grecia, existente desde la \u00e9poca de la Lucha por la Independencia, se realiz\u00f3 el 14 de abril de 1837 con la emisi\u00f3n del decreto <u>&#8220;Sobre el Establecimiento de la Universidad&#8221;<\/u>, que condujo al establecimiento y funcionamiento de la Universidad de Atenas. Es la primera universidad no solo del estado griego sino tambi\u00e9n de toda la Pen\u00ednsula Balc\u00e1nica y la regi\u00f3n m\u00e1s amplia del Mediterr\u00e1neo Oriental.<\/td>\n<\/tr>\n<\/tbody>\n<\/table>\n","protected":false},"excerpt":{"rendered":"<p>COORDINATOR EDUNET ORGANIZATION , CRAIOVA, ROMANIA www.edu-net.ro EDUNET es una organizaci\u00f3n sin \u00e1nimo de lucro que brinda servicios y recursos para promover la educaci\u00f3n permanente, apoyar la educaci\u00f3n profesional, la ciudadan\u00eda activa y el desarrollo duradero. EDUNET es un proveedor autorizado de cualificaci\u00f3n y formaci\u00f3n profesional de adultos y cuenta con dos escuelas de formaci\u00f3n profesional para la cualificaci\u00f3n inicial de enfermeras. PARTNERS CYPRUS UNIVERSITY OF TECHNOLOGY, LIMASSOL, CYPRUS www.cut.ac.cy Un par\u00e1metro importante del reconocimiento internacional que recibe la Universidad son las listas de rankings universitarios internacionales. En menos de 14 a\u00f1os de funcionamiento, la Universidad Tecnol\u00f3gica de Chipre (CTU) [&hellip;]<\/p>\n","protected":false},"author":1,"featured_media":0,"parent":69,"menu_order":2,"comment_status":"closed","ping_status":"closed","template":"template-fullwidth.php","meta":{"footnotes":""},"class_list":["post-17","page","type-page","status-publish","hentry"],"translation":{"provider":"WPGlobus","version":"2.12.2","language":"es","enabled_languages":["en","es","el","ro"],"languages":{"en":{"title":true,"content":true,"excerpt":false},"es":{"title":true,"content":true,"excerpt":false},"el":{"title":true,"content":true,"excerpt":false},"ro":{"title":true,"content":true,"excerpt":false}}},"yoast_head":"<!-- This site is optimized with the Yoast SEO plugin v21.1 - https:\/\/yoast.com\/wordpress\/plugins\/seo\/ -->\n<title>SOCIOS -<\/title>\n<meta name=\"robots\" content=\"index, follow, max-snippet:-1, max-image-preview:large, max-video-preview:-1\" \/>\n<link rel=\"canonical\" href=\"https:\/\/iene11.eu\/el\/project\/partners\/\" \/>\n<meta property=\"og:locale\" content=\"es_ES\" \/>\n<meta property=\"og:type\" content=\"article\" \/>\n<meta property=\"og:title\" content=\"SOCIOS -\" \/>\n<meta property=\"og:url\" content=\"https:\/\/iene11.eu\/el\/project\/partners\/\" \/>\n<meta property=\"article:modified_time\" content=\"2023-08-29T16:32:35+00:00\" \/>\n<meta property=\"og:image\" content=\"https:\/\/iene11.eu\/wp-content\/uploads\/2022\/07\/sigla_edunet_png-e1658244513676.png\" \/>\n<meta name=\"twitter:card\" content=\"summary_large_image\" \/>\n<meta name=\"twitter:label1\" content=\"Est. reading time\" \/>\n\t<meta name=\"twitter:data1\" content=\"5 minutes\" \/>\n<script type=\"application\/ld+json\" class=\"yoast-schema-graph\">{\"@context\":\"https:\/\/schema.org\",\"@graph\":[{\"@type\":\"WebPage\",\"@id\":\"https:\/\/iene11.eu\/el\/project\/partners\/\",\"url\":\"https:\/\/iene11.eu\/el\/project\/partners\/\",\"name\":\"SOCIOS -\",\"isPartOf\":{\"@id\":\"https:\/\/iene11.eu\/#website\"},\"datePublished\":\"2022-07-04T08:21:54+00:00\",\"dateModified\":\"2023-08-29T16:32:35+00:00\",\"breadcrumb\":{\"@id\":\"https:\/\/iene11.eu\/el\/project\/partners\/#breadcrumb\"},\"inLanguage\":\"es-ES\",\"potentialAction\":[{\"@type\":\"ReadAction\",\"target\":[\"https:\/\/iene11.eu\/el\/project\/partners\/\"]}]},{\"@type\":\"BreadcrumbList\",\"@id\":\"https:\/\/iene11.eu\/el\/project\/partners\/#breadcrumb\",\"itemListElement\":[{\"@type\":\"ListItem\",\"position\":1,\"name\":\"Home\",\"item\":\"https:\/\/iene11.eu\/\"},{\"@type\":\"ListItem\",\"position\":2,\"name\":\"IENE11 Project\",\"item\":\"https:\/\/iene11.eu\/project\/\"},{\"@type\":\"ListItem\",\"position\":3,\"name\":\"\u03a3\u03c5\u03bd\u03b5\u03c1\u03b3\u03ac\u03c4\u03b5\u03c2\"}]},{\"@type\":\"WebSite\",\"@id\":\"https:\/\/iene11.eu\/#website\",\"url\":\"https:\/\/iene11.eu\/\",\"name\":\"\",\"description\":\"Empowering nurses and healthcare professionals to promote vaccination and tackle vaccine hesitancy\",\"potentialAction\":[{\"@type\":\"SearchAction\",\"target\":{\"@type\":\"EntryPoint\",\"urlTemplate\":\"https:\/\/iene11.eu\/?s={search_term_string}\"},\"query-input\":\"required name=search_term_string\"}],\"inLanguage\":\"es-ES\"}]}<\/script>\n<!-- \/ Yoast SEO plugin. -->","yoast_head_json":{"title":"SOCIOS -","robots":{"index":"index","follow":"follow","max-snippet":"max-snippet:-1","max-image-preview":"max-image-preview:large","max-video-preview":"max-video-preview:-1"},"canonical":"https:\/\/iene11.eu\/el\/project\/partners\/","og_locale":"es_ES","og_type":"article","og_title":"SOCIOS -","og_url":"https:\/\/iene11.eu\/el\/project\/partners\/","article_modified_time":"2023-08-29T16:32:35+00:00","og_image":[{"url":"https:\/\/iene11.eu\/wp-content\/uploads\/2022\/07\/sigla_edunet_png-e1658244513676.png"}],"twitter_card":"summary_large_image","twitter_misc":{"Est. reading time":"5 minutes"},"schema":{"@context":"https:\/\/schema.org","@graph":[{"@type":"WebPage","@id":"https:\/\/iene11.eu\/el\/project\/partners\/","url":"https:\/\/iene11.eu\/el\/project\/partners\/","name":"SOCIOS -","isPartOf":{"@id":"https:\/\/iene11.eu\/#website"},"datePublished":"2022-07-04T08:21:54+00:00","dateModified":"2023-08-29T16:32:35+00:00","breadcrumb":{"@id":"https:\/\/iene11.eu\/el\/project\/partners\/#breadcrumb"},"inLanguage":"es-ES","potentialAction":[{"@type":"ReadAction","target":["https:\/\/iene11.eu\/el\/project\/partners\/"]}]},{"@type":"BreadcrumbList","@id":"https:\/\/iene11.eu\/el\/project\/partners\/#breadcrumb","itemListElement":[{"@type":"ListItem","position":1,"name":"Home","item":"https:\/\/iene11.eu\/"},{"@type":"ListItem","position":2,"name":"IENE11 Project","item":"https:\/\/iene11.eu\/project\/"},{"@type":"ListItem","position":3,"name":"\u03a3\u03c5\u03bd\u03b5\u03c1\u03b3\u03ac\u03c4\u03b5\u03c2"}]},{"@type":"WebSite","@id":"https:\/\/iene11.eu\/#website","url":"https:\/\/iene11.eu\/","name":"","description":"Empowering nurses and healthcare professionals to promote vaccination and tackle vaccine hesitancy","potentialAction":[{"@type":"SearchAction","target":{"@type":"EntryPoint","urlTemplate":"https:\/\/iene11.eu\/?s={search_term_string}"},"query-input":"required name=search_term_string"}],"inLanguage":"es-ES"}]}},"_links":{"self":[{"href":"https:\/\/iene11.eu\/es\/wp-json\/wp\/v2\/pages\/17","targetHints":{"allow":["GET"]}}],"collection":[{"href":"https:\/\/iene11.eu\/es\/wp-json\/wp\/v2\/pages"}],"about":[{"href":"https:\/\/iene11.eu\/es\/wp-json\/wp\/v2\/types\/page"}],"author":[{"embeddable":true,"href":"https:\/\/iene11.eu\/es\/wp-json\/wp\/v2\/users\/1"}],"replies":[{"embeddable":true,"href":"https:\/\/iene11.eu\/es\/wp-json\/wp\/v2\/comments?post=17"}],"version-history":[{"count":25,"href":"https:\/\/iene11.eu\/es\/wp-json\/wp\/v2\/pages\/17\/revisions"}],"predecessor-version":[{"id":6904,"href":"https:\/\/iene11.eu\/es\/wp-json\/wp\/v2\/pages\/17\/revisions\/6904"}],"up":[{"embeddable":true,"href":"https:\/\/iene11.eu\/es\/wp-json\/wp\/v2\/pages\/69"}],"wp:attachment":[{"href":"https:\/\/iene11.eu\/es\/wp-json\/wp\/v2\/media?parent=17"}],"curies":[{"name":"wp","href":"https:\/\/api.w.org\/{rel}","templated":true}]}}