{"id":3344,"date":"2022-07-19T16:22:47","date_gmt":"2022-07-19T16:22:47","guid":{"rendered":"https:\/\/iene11.eu\/?page_id=3344"},"modified":"2023-12-28T18:03:56","modified_gmt":"2023-12-28T18:03:56","slug":"learning-tools","status":"publish","type":"page","link":"https:\/\/iene11.eu\/es\/learning-tools\/","title":{"rendered":"Herramientas de aprendizaje"},"content":{"rendered":"<p>Esta p\u00e1gina contiene 20 Unidades de aprendizaje\/Herramientas que hemos creado los socios en el marco de los proyectos IENE 11.<\/p>\n<p>Cada herramienta aborda un tema espec\u00edfico de acuerdo con los M\u00f3dulos Curriculares espec\u00edficos.<\/p>\n<table style=\"height: 1175px;\" width=\"1193\">\n<tbody>\n<tr>\n<td width=\"350\">\n<h2 style=\"text-align: center;\"><a name=\"_Toc116989002\"><\/a><\/h2>\n<hr \/>\n<h2><span style=\"color: #0000ff;\">M\u00f3dulo 1: Conciencia Cultural<\/span><\/h2>\n<hr \/>\n<h4>1.1.\u00a0 Conciencia de s\u00ed mismo<\/h4>\n<pre><em>  Download<\/em>:    <span style=\"color: #3366ff;\"><a style=\"color: #3366ff;\" href=\"https:\/\/iene11.eu\/wp-content\/uploads\/2023\/05\/Module-1.-Topic-1-compendium.-English.pdf\">E<strong>nglish\u00a0<\/strong><\/a><strong>\u00a0\u00a0\u00a0 <a href=\"https:\/\/iene11.eu\/wp-content\/uploads\/2023\/04\/1.1.-Self-Awareness_RO.pdf\">Romanian\u00a0<\/a>\u00a0\u00a0<a href=\"https:\/\/iene11.eu\/wp-content\/uploads\/2023\/05\/Module-1.-Topic-1-Spanish.pdf\"> Spanish\u00a0<\/a>\u00a0\u00a0\u00a0 <a href=\"https:\/\/iene11.eu\/wp-content\/uploads\/2023\/05\/Tool-1.1-Greek.pdf\">Greek<\/a>\r\n<\/strong><\/span><\/pre>\n<h4>1.2.\u00a0 Mitos y miedos<\/h4>\n<pre>   Download:    <span style=\"color: #3366ff;\"><strong><a href=\"https:\/\/iene11.eu\/wp-content\/uploads\/2023\/05\/Module-1.-Topic-2-compendium.-English.pdf\">English<\/a>\u00a0\u00a0\u00a0\u00a0 <a href=\"https:\/\/iene11.eu\/wp-content\/uploads\/2023\/04\/1.2.-Myths-and-fears_RO.pdf\">Romanian<\/a>\u00a0\u00a0\u00a0 <a href=\"https:\/\/iene11.eu\/wp-content\/uploads\/2023\/05\/Module-1.-Topic-2-Spanish.pdf\">Spanish<\/a>\u00a0\u00a0\u00a0\u00a0 <a href=\"https:\/\/iene11.eu\/wp-content\/uploads\/2023\/05\/Tool-1.2-Greek.pdf\">Greek<\/a><\/strong><\/span><\/pre>\n<h4>1.3. Valores, actitudes y comportamiento<\/h4>\n<pre><em>    Download:<\/em>  <span style=\"color: #3366ff;\"><strong><a href=\"https:\/\/iene11.eu\/wp-content\/uploads\/2023\/05\/Module-1.-Topic-3-compendium.-English.pdf\">English<\/a>\u00a0\u00a0\u00a0\u00a0 <a href=\"https:\/\/iene11.eu\/wp-content\/uploads\/2023\/04\/1.3.-Values-attitudes-and-behaviour_RO.pdf\">Romanian<\/a>\u00a0\u00a0\u00a0 <a href=\"https:\/\/iene11.eu\/wp-content\/uploads\/2023\/05\/Module-1.-Topic-3-Spanish.pdf\">Spanish<\/a>\u00a0\u00a0\u00a0\u00a0 <a href=\"https:\/\/iene11.eu\/wp-content\/uploads\/2023\/05\/Tool-1.3-Greek.pdf\">Greek<\/a><\/strong><\/span><\/pre>\n<h4>1.4. Reconocimiento de las necesidades de servicios sociales y de salud para los usuarios y el personal<\/h4>\n<pre><em>    Download:<\/em>  <span style=\"color: #3366ff;\"><strong><a href=\"https:\/\/iene11.eu\/wp-content\/uploads\/2023\/05\/Module-1.-Topic-4-compendium.-English.pdf\">English\u00a0<\/a>\u00a0\u00a0<a href=\"https:\/\/iene11.eu\/wp-content\/uploads\/2023\/04\/1.4.-Acknowledgment-of-health-and-social-service-needs-for-users-and-staff_RO.pdf\">\u00a0 Romanian<\/a>\u00a0\u00a0\u00a0 <a href=\"https:\/\/iene11.eu\/wp-content\/uploads\/2023\/05\/Module-1.-Topic-4-Spanish.pdf\">Spanish<\/a>\u00a0\u00a0\u00a0\u00a0 <a href=\"https:\/\/iene11.eu\/wp-content\/uploads\/2023\/05\/Tool-1.4-Greek.pdf\">Greek<\/a><\/strong><\/span><\/pre>\n<h4>1.5.\u00a0 Herramientas de evaluaci\u00f3n<\/h4>\n<pre><em>    Download:<\/em>  <span style=\"color: #3366ff;\"><strong><a href=\"https:\/\/iene11.eu\/wp-content\/uploads\/2023\/05\/Module-1.-Topic-5-assessment-compendium.-English.pdf\">English\u00a0<\/a>\u00a0\u00a0\u00a0 <a href=\"https:\/\/iene11.eu\/wp-content\/uploads\/2023\/04\/1.5.-Assessment-tool_RO.pdf\">Romanian\u00a0<\/a>\u00a0\u00a0 <a href=\"https:\/\/iene11.eu\/wp-content\/uploads\/2023\/05\/Module-1.-Topic-5-assessment-Spanish.pdf\">Spanish<\/a>\u00a0\u00a0\u00a0\u00a0 <a href=\"https:\/\/iene11.eu\/wp-content\/uploads\/2023\/05\/Tool-1.5-Greek.pdf\">Greek<\/a><\/strong><\/span><\/pre>\n<\/td>\n<td width=\"66\"><\/td>\n<td width=\"295\">\n<h2><span style=\"color: #3366ff;\"><a style=\"color: #3366ff;\" name=\"_Toc116989005\"><\/a><\/span><\/h2>\n<hr \/>\n<h2><span style=\"color: #0000ff;\">M\u00f3dulo 3: Sensibilidad Cultural<\/span><\/h2>\n<hr \/>\n<h4>3.1. Compasi\u00f3n y respeto culturalmente sensibles<\/h4>\n<pre> \u00a0 <em> Download:<\/em> <span style=\"color: #3366ff;\"><strong><a href=\"https:\/\/iene11.eu\/wp-content\/uploads\/2023\/05\/Module-3.-Topic-1-compendium.-English.pdf\">English<\/a>\u00a0\u00a0\u00a0\u00a0 <a href=\"https:\/\/iene11.eu\/wp-content\/uploads\/2023\/04\/3.1.-Intercultural-Communication_RO.pdf\">Romanian<\/a>\u00a0\u00a0\u00a0 <a href=\"https:\/\/iene11.eu\/wp-content\/uploads\/2023\/05\/Module-3.-Topic-1-Spanish.pdf\">Spanish<\/a>\u00a0\u00a0\u00a0\u00a0 <a href=\"https:\/\/iene11.eu\/wp-content\/uploads\/2023\/05\/Tool-3.1-Greek.pdf\">Greek<\/a><\/strong><\/span><\/pre>\n<h4>3.2. Comunicaci\u00f3n intercultural<\/h4>\n<pre>    <em> Download:<\/em> <span style=\"color: #3366ff;\"><strong><a href=\"https:\/\/iene11.eu\/wp-content\/uploads\/2023\/05\/Module-3.-Topic-2-compendium.-English.pdf\">English\u00a0<\/a>\u00a0\u00a0\u00a0 <a href=\"https:\/\/iene11.eu\/wp-content\/uploads\/2023\/04\/3.2.-Culturally-sensitive-compassion-and-respect_RO.pdf\">Romanian<\/a>\u00a0\u00a0\u00a0 <a href=\"https:\/\/iene11.eu\/wp-content\/uploads\/2023\/05\/Module-3.-Topic-2-Spanish.pdf\">Spanish<\/a>\u00a0\u00a0\u00a0\u00a0 <a href=\"https:\/\/iene11.eu\/wp-content\/uploads\/2023\/05\/Tool-3.2-Greek.pdf\">Greek<\/a><\/strong><\/span><\/pre>\n<h4>3.3. Cuestiones \u00e9ticas y derechos humanos<\/h4>\n<pre>   <em> Download:<\/em> <span style=\"color: #3366ff;\"><strong><a href=\"https:\/\/iene11.eu\/wp-content\/uploads\/2023\/05\/Module-3.-Topic-3-compendium.-English.pdf\">English<\/a>\u00a0\u00a0\u00a0\u00a0<a href=\"https:\/\/iene11.eu\/wp-content\/uploads\/2023\/04\/3.3.-Ethical-issues-and-human-rights_RO.pdf\"> Romanian<\/a>\u00a0\u00a0\u00a0<a href=\"https:\/\/iene11.eu\/wp-content\/uploads\/2023\/05\/Module-3.-Topic-3-Spanish.pdf\"> Spanish<\/a>\u00a0\u00a0\u00a0\u00a0 <a href=\"https:\/\/iene11.eu\/wp-content\/uploads\/2023\/05\/Tool-3.3-Greek.pdf\">Greek<\/a><\/strong><\/span><\/pre>\n<h4>3.4. Trabajo con poblaci\u00f3n vulnerable y grupos especiales<\/h4>\n<pre>   <em> Download:<\/em> <span style=\"color: #3366ff;\"><strong><a href=\"https:\/\/iene11.eu\/wp-content\/uploads\/2023\/05\/Module-3.-Topic-4-compendium.-English.pdf\">English<\/a>\u00a0\u00a0\u00a0\u00a0 <a href=\"https:\/\/iene11.eu\/wp-content\/uploads\/2023\/04\/3.4.-Working-with-vulnerable-population-and-special-groups_RO.pdf\">Romanian<\/a>\u00a0\u00a0\u00a0 <a href=\"https:\/\/iene11.eu\/wp-content\/uploads\/2023\/05\/Module-3.-Topic-4-Spanish.pdf\">Spanish\u00a0<\/a>\u00a0\u00a0\u00a0 <a href=\"https:\/\/iene11.eu\/wp-content\/uploads\/2023\/05\/Tool-3.4-Greek.pdf\">Greek<\/a><\/strong><\/span><\/pre>\n<h4>3.5.\u00a0 Herramientas de evaluaci\u00f3n<\/h4>\n<pre>   <em> Download:<\/em> <span style=\"color: #3366ff;\"><strong><a href=\"https:\/\/iene11.eu\/wp-content\/uploads\/2023\/05\/Module-3.-Topic-5-assessment-compendium.-English.pdf\">English<\/a>\u00a0\u00a0\u00a0\u00a0 <a href=\"https:\/\/iene11.eu\/wp-content\/uploads\/2023\/04\/3.5.-Assessment-tool_RO.pdf\">Romanian<\/a>\u00a0\u00a0\u00a0 <a href=\"https:\/\/iene11.eu\/wp-content\/uploads\/2023\/05\/Module-3.-Topic-5-assessment-Spanish.pdf\">Spanish<\/a>\u00a0\u00a0\u00a0\u00a0 <a href=\"https:\/\/iene11.eu\/wp-content\/uploads\/2023\/05\/Tool-3.5-Greek.pdf\">Greek<\/a><\/strong><\/span><\/pre>\n<\/td>\n<\/tr>\n<tr>\n<td width=\"330\">\n<hr \/>\n<h2><span style=\"color: #0000ff;\"><strong>M\u00f3dulo 2: Conocimiento Cultural<\/strong><\/span><\/h2>\n<hr \/>\n<h4>\u00a02.1.\u00a0 Pol\u00edticas y estrategias<\/h4>\n<pre>   <em> Download:<\/em> <span style=\"color: #3366ff;\"><strong><a href=\"https:\/\/iene11.eu\/wp-content\/uploads\/2023\/05\/Module-2.-Topic-1-compendium.-English.pdf\">English<\/a>\u00a0\u00a0\u00a0\u00a0 <a href=\"https:\/\/iene11.eu\/wp-content\/uploads\/2023\/04\/2.1.-Policies-and-strategies_RO.pdf\">Romanian<\/a>\u00a0\u00a0\u00a0 <a href=\"https:\/\/iene11.eu\/wp-content\/uploads\/2023\/05\/Module-2.-Topic-1-Spanish.pdf\">Spanish<\/a>\u00a0\u00a0\u00a0\u00a0 <a href=\"https:\/\/iene11.eu\/wp-content\/uploads\/2023\/05\/Tool-2.1-Greek.pdf\">Greek<\/a><\/strong><\/span><\/pre>\n<h4>2.2.\u00a0 Ventajas y desventajas<\/h4>\n<pre>   <em> Download:<\/em> <span style=\"color: #3366ff;\"><strong><a href=\"https:\/\/iene11.eu\/wp-content\/uploads\/2023\/05\/Module-2.-Topic-2-compendium.-English.pdf\">English<\/a>\u00a0\u00a0\u00a0\u00a0 <a href=\"https:\/\/iene11.eu\/wp-content\/uploads\/2023\/04\/2.2.-Advantages-and-disadvantages_RO.pdf\">Romanian<\/a>\u00a0\u00a0\u00a0 <a href=\"https:\/\/iene11.eu\/wp-content\/uploads\/2023\/05\/Module-2.-Topic-2-Spanish.pdf\">Spanish\u00a0<\/a>\u00a0\u00a0\u00a0 <a href=\"https:\/\/iene11.eu\/wp-content\/uploads\/2023\/05\/Tool-2.2-Greek.pdf\">Greek<\/a><\/strong><\/span><\/pre>\n<h4>2.3. Aspectos culturales de la inmunizaci\u00f3n y la vacilaci\u00f3n<\/h4>\n<pre>\u00a0\u00a0\u00a0 <em> Download:<\/em> <span style=\"color: #3366ff;\"><strong><a href=\"https:\/\/iene11.eu\/wp-content\/uploads\/2023\/05\/Module-2.-Topic-3-compndium.-English.pdf\">English<\/a>\u00a0\u00a0\u00a0\u00a0 <a href=\"https:\/\/iene11.eu\/wp-content\/uploads\/2023\/04\/2.3.-Cultural-aspects-of-immunization-and-hesitancy_RO.pdf\">Romanian<\/a>\u00a0\u00a0\u00a0 <a href=\"https:\/\/iene11.eu\/wp-content\/uploads\/2023\/05\/Module-2.-Topic-3-Spanish.pdf\">Spanish\u00a0\u00a0<\/a>\u00a0\u00a0 <a href=\"https:\/\/iene11.eu\/wp-content\/uploads\/2023\/05\/Tool-2.3Greek.pdf\">Greek<\/a><\/strong><\/span><\/pre>\n<h4>2.4.\u00a0 Entendiendo la vacuna y la vacunaci\u00f3n<\/h4>\n<pre>\u00a0\u00a0\u00a0 <em> Download:<\/em> <span style=\"color: #3366ff;\"><strong><a href=\"https:\/\/iene11.eu\/wp-content\/uploads\/2023\/05\/Module-2.-Topic-4-compendium.-English.pdf\">English<\/a>\u00a0\u00a0\u00a0\u00a0 <a href=\"https:\/\/iene11.eu\/wp-content\/uploads\/2023\/04\/2.4.-Understanding-vaccine-and-vaccination_RO.pdf\">Romanian<\/a>\u00a0\u00a0\u00a0 <a href=\"https:\/\/iene11.eu\/wp-content\/uploads\/2023\/05\/Module-2.-Topic-4-Spanish.pdf\">Spanish<\/a>\u00a0\u00a0\u00a0\u00a0 <a href=\"https:\/\/iene11.eu\/wp-content\/uploads\/2023\/05\/Tool-2.4-Greek.pdf\">Greek<\/a><\/strong><\/span><\/pre>\n<h4>2.5.\u00a0 Herramientas de evaluaci\u00f3n<\/h4>\n<pre>\u00a0\u00a0\u00a0 <em> Download:<\/em> <span style=\"color: #3366ff;\"><strong><a href=\"https:\/\/iene11.eu\/wp-content\/uploads\/2023\/05\/Module-2.-Topic-5-assessment-compendium.-English.pdf\">English<\/a>\u00a0\u00a0\u00a0\u00a0 <a href=\"https:\/\/iene11.eu\/wp-content\/uploads\/2023\/04\/2.5.-Assessment-tool_RO.pdf\">Romanian<\/a>\u00a0\u00a0\u00a0 <a href=\"https:\/\/iene11.eu\/wp-content\/uploads\/2023\/05\/Module-2.-Topic-5-assessment-Spanish.pdf\">Spanish\u00a0<\/a>\u00a0\u00a0\u00a0 <a href=\"https:\/\/iene11.eu\/wp-content\/uploads\/2023\/05\/Tool-2.5-Greek.pdf\">Greek<\/a><\/strong><\/span><\/pre>\n<\/td>\n<td width=\"66\"><\/td>\n<td width=\"295\">\n<hr \/>\n<h2><span style=\"color: #0000ff;\"><strong>M\u00f3dulo 4: Competencia cultural<\/strong><\/span><\/h2>\n<hr \/>\n<h4>4.1.\u00a0 Apoyo\/Defensa<\/h4>\n<pre>   <em> Download:<\/em> <span style=\"color: #3366ff;\"><strong><a href=\"https:\/\/iene11.eu\/wp-content\/uploads\/2023\/05\/Module-4.-Topic-1-compendium.-English.pdf\">English<\/a>\u00a0\u00a0\u00a0\u00a0 <a href=\"https:\/\/iene11.eu\/wp-content\/uploads\/2023\/04\/4.1.-Advocacy_RO.pdf\">Romanian<\/a>\u00a0\u00a0\u00a0 <a href=\"https:\/\/iene11.eu\/wp-content\/uploads\/2023\/05\/Module-4.-Topic-1-Spanish.pdf\">Spanish<\/a>\u00a0\u00a0\u00a0\u00a0 <a href=\"https:\/\/iene11.eu\/wp-content\/uploads\/2023\/05\/Tool-4.1-Greek.pdf\">Greek<\/a><\/strong><\/span><\/pre>\n<h4>4.2. Empoderamiento<\/h4>\n<pre>   <em> Download:<\/em> <span style=\"color: #3366ff;\"><strong><a href=\"https:\/\/iene11.eu\/wp-content\/uploads\/2023\/05\/Module-4.-Topic-2-compendium.-English.pdf\">English<\/a>\u00a0\u00a0\u00a0\u00a0 <a href=\"https:\/\/iene11.eu\/wp-content\/uploads\/2023\/04\/4.2.-Empowerment_RO.pdf\">Romanian<\/a>\u00a0\u00a0\u00a0 <a href=\"https:\/\/iene11.eu\/wp-content\/uploads\/2023\/05\/Module-4.-Topic-2-Spanish.pdf\">Spanish<\/a>\u00a0\u00a0\u00a0\u00a0 <a href=\"https:\/\/iene11.eu\/wp-content\/uploads\/2023\/05\/Tool-4.2-Greek.pdf\">Greek<\/a><\/strong><\/span><\/pre>\n<h4>4.3.\u00a0 Pr\u00e1ctica y t\u00e9cnicas de vacunaci\u00f3n.<\/h4>\n<pre>   <em> Download:<\/em> <span style=\"color: #3366ff;\"><strong><a href=\"https:\/\/iene11.eu\/wp-content\/uploads\/2023\/05\/Module-4.-Topic-3-compendium.-English.pdf\">English\u00a0<\/a>\u00a0\u00a0\u00a0 <a href=\"https:\/\/iene11.eu\/wp-content\/uploads\/2023\/04\/4.3.-Practice-and-techniques-of-vaccination_RO.pdf\">Romanian\u00a0<\/a>\u00a0\u00a0 <a href=\"https:\/\/iene11.eu\/wp-content\/uploads\/2023\/05\/Module-4.-Topic-3-Spanish.pdf\">Spanish<\/a>\u00a0\u00a0\u00a0\u00a0 <a href=\"https:\/\/iene11.eu\/wp-content\/uploads\/2023\/05\/Tool-4.3-Greek.pdf\">Greek<\/a><\/strong><\/span><\/pre>\n<h4>4.4. Evaluaci\u00f3n de necesidades culturalmente competentes<\/h4>\n<pre>   <em> Download:<\/em> <span style=\"color: #3366ff;\"><strong><a href=\"https:\/\/iene11.eu\/wp-content\/uploads\/2023\/05\/Module-4.-Topic-4-compendium.-English.pdf\">English\u00a0<\/a>\u00a0\u00a0\u00a0 <a href=\"https:\/\/iene11.eu\/wp-content\/uploads\/2023\/04\/4.4.-Culturally-competent-needs-assessment_RO.pdf\">Romanian<\/a>\u00a0\u00a0\u00a0 <a href=\"https:\/\/iene11.eu\/wp-content\/uploads\/2023\/05\/Module-4.-Topic-4-Spanish.pdf\">Spanish\u00a0<\/a>\u00a0\u00a0\u00a0 <a href=\"https:\/\/iene11.eu\/wp-content\/uploads\/2023\/05\/Tool-4.4-Greek.pdf\">Greek<\/a><\/strong><\/span><\/pre>\n<h4>4.5. Herramientas de evaluaci\u00f3n<\/h4>\n<pre>   <em> Download:<\/em> <strong><a href=\"https:\/\/iene11.eu\/wp-content\/uploads\/2023\/05\/Module-4.-Topic-5-assessment-compendium.-English.pdf\">English\u00a0<\/a>\u00a0\u00a0\u00a0 <a href=\"https:\/\/iene11.eu\/wp-content\/uploads\/2023\/04\/4.5.-Assessment-tool_RO.pdf\">Romanian<\/a>\u00a0\u00a0\u00a0 <a href=\"https:\/\/iene11.eu\/wp-content\/uploads\/2023\/05\/Module-4.-Topic-5-assessment-Spanish.pdf\">Spanish<\/a>\u00a0\u00a0\u00a0\u00a0 <a href=\"https:\/\/iene11.eu\/wp-content\/uploads\/2023\/05\/Tool-4.5-Greek.pdf\">Greek<\/a><\/strong><\/pre>\n<\/td>\n<\/tr>\n<\/tbody>\n<\/table>\n<p><strong>\u00a0<\/strong><\/p>\n<hr \/>\n<h4><em>Descarga el COMPENDIO DE UNIDADES DE APRENDIZAJE en <\/em>\u00a0 <span style=\"color: #3366ff;\"><strong><a href=\"https:\/\/iene11.eu\/wp-content\/uploads\/2023\/04\/IENE-11-Result-no.3-Bite-sized-learning-Tools_English.pdf\">English<\/a> \u00a0\u00a0 <a href=\"https:\/\/iene11.eu\/wp-content\/uploads\/2023\/05\/IENE-11-Result-no.-3-Bite-sized-Learning-Tools-Compendium-_Greek.pdf\">Greek<\/a>\u00a0\u00a0\u00a0 <a href=\"https:\/\/iene11.eu\/wp-content\/uploads\/2023\/04\/IENE-11-Result-no.-3-Bite-sized-Learning-Tools-Compendium-_Romanian-1.pdf\">Romanian<\/a>\u00a0\u00a0 <a href=\"https:\/\/iene11.eu\/wp-content\/uploads\/2023\/05\/09.05-BSLT-Compendium-Spanish.pdf\">Spanish<\/a><\/strong><\/span><\/h4>\n<hr \/>\n","protected":false},"excerpt":{"rendered":"<p>Esta p\u00e1gina contiene 20 Unidades de aprendizaje\/Herramientas que hemos creado los socios en el marco de los proyectos IENE 11. Cada herramienta aborda un tema espec\u00edfico de acuerdo con los M\u00f3dulos Curriculares espec\u00edficos. M\u00f3dulo 1: Conciencia Cultural 1.1.\u00a0 Conciencia de s\u00ed mismo Download: English\u00a0\u00a0\u00a0\u00a0 Romanian\u00a0\u00a0\u00a0 Spanish\u00a0\u00a0\u00a0\u00a0 Greek 1.2.\u00a0 Mitos y miedos Download: English\u00a0\u00a0\u00a0\u00a0 Romanian\u00a0\u00a0\u00a0 Spanish\u00a0\u00a0\u00a0\u00a0 Greek 1.3. Valores, actitudes y comportamiento Download: English\u00a0\u00a0\u00a0\u00a0 Romanian\u00a0\u00a0\u00a0 Spanish\u00a0\u00a0\u00a0\u00a0 Greek 1.4. Reconocimiento de las necesidades de servicios sociales y de salud para los usuarios y el personal Download: English\u00a0\u00a0\u00a0\u00a0 Romanian\u00a0\u00a0\u00a0 Spanish\u00a0\u00a0\u00a0\u00a0 Greek 1.5.\u00a0 Herramientas de evaluaci\u00f3n Download: English\u00a0\u00a0\u00a0\u00a0 Romanian\u00a0\u00a0\u00a0 Spanish\u00a0\u00a0\u00a0\u00a0 Greek M\u00f3dulo 3: Sensibilidad [&hellip;]<\/p>\n","protected":false},"author":1,"featured_media":0,"parent":0,"menu_order":0,"comment_status":"closed","ping_status":"closed","template":"template-fullwidth.php","meta":{"footnotes":""},"class_list":["post-3344","page","type-page","status-publish","hentry"],"translation":{"provider":"WPGlobus","version":"2.12.2","language":"es","enabled_languages":["en","es","el","ro"],"languages":{"en":{"title":true,"content":true,"excerpt":false},"es":{"title":true,"content":true,"excerpt":false},"el":{"title":true,"content":true,"excerpt":false},"ro":{"title":true,"content":true,"excerpt":false}}},"yoast_head":"<!-- This site is optimized with the Yoast SEO plugin v21.1 - https:\/\/yoast.com\/wordpress\/plugins\/seo\/ -->\n<title>Herramientas de aprendizaje -<\/title>\n<meta name=\"robots\" content=\"index, follow, max-snippet:-1, max-image-preview:large, max-video-preview:-1\" \/>\n<link rel=\"canonical\" href=\"https:\/\/iene11.eu\/learning-tools\/\" \/>\n<meta property=\"og:locale\" content=\"es_ES\" \/>\n<meta property=\"og:type\" content=\"article\" \/>\n<meta property=\"og:title\" content=\"Herramientas de aprendizaje -\" \/>\n<meta property=\"og:url\" content=\"https:\/\/iene11.eu\/learning-tools\/\" \/>\n<meta property=\"article:modified_time\" content=\"2023-12-28T18:03:56+00:00\" \/>\n<meta name=\"twitter:card\" content=\"summary_large_image\" \/>\n<meta name=\"twitter:label1\" content=\"Est. reading time\" \/>\n\t<meta name=\"twitter:data1\" content=\"1 minute\" \/>\n<script type=\"application\/ld+json\" class=\"yoast-schema-graph\">{\"@context\":\"https:\/\/schema.org\",\"@graph\":[{\"@type\":\"WebPage\",\"@id\":\"https:\/\/iene11.eu\/learning-tools\/\",\"url\":\"https:\/\/iene11.eu\/learning-tools\/\",\"name\":\"Herramientas de aprendizaje -\",\"isPartOf\":{\"@id\":\"https:\/\/iene11.eu\/#website\"},\"datePublished\":\"2022-07-19T16:22:47+00:00\",\"dateModified\":\"2023-12-28T18:03:56+00:00\",\"description\":\"A set of 20\u00a0 Bite sized Learning Tools designed to inform, promote, communicate, advise, and influence the public on vaccination, addressing the challenges associated with vaccine hesitancy.\",\"breadcrumb\":{\"@id\":\"https:\/\/iene11.eu\/learning-tools\/#breadcrumb\"},\"inLanguage\":\"es-ES\",\"potentialAction\":[{\"@type\":\"ReadAction\",\"target\":[\"https:\/\/iene11.eu\/learning-tools\/\"]}]},{\"@type\":\"BreadcrumbList\",\"@id\":\"https:\/\/iene11.eu\/learning-tools\/#breadcrumb\",\"itemListElement\":[{\"@type\":\"ListItem\",\"position\":1,\"name\":\"Home\",\"item\":\"https:\/\/iene11.eu\/\"},{\"@type\":\"ListItem\",\"position\":2,\"name\":\"Learning Tools\"}]},{\"@type\":\"WebSite\",\"@id\":\"https:\/\/iene11.eu\/#website\",\"url\":\"https:\/\/iene11.eu\/\",\"name\":\"\",\"description\":\"Empowering nurses and healthcare professionals to promote vaccination and tackle vaccine hesitancy\",\"potentialAction\":[{\"@type\":\"SearchAction\",\"target\":{\"@type\":\"EntryPoint\",\"urlTemplate\":\"https:\/\/iene11.eu\/?s={search_term_string}\"},\"query-input\":\"required name=search_term_string\"}],\"inLanguage\":\"es-ES\"}]}<\/script>\n<!-- \/ Yoast SEO plugin. -->","yoast_head_json":{"title":"Herramientas de aprendizaje -","robots":{"index":"index","follow":"follow","max-snippet":"max-snippet:-1","max-image-preview":"max-image-preview:large","max-video-preview":"max-video-preview:-1"},"canonical":"https:\/\/iene11.eu\/learning-tools\/","og_locale":"es_ES","og_type":"article","og_title":"Herramientas de aprendizaje -","og_url":"https:\/\/iene11.eu\/learning-tools\/","article_modified_time":"2023-12-28T18:03:56+00:00","twitter_card":"summary_large_image","twitter_misc":{"Est. reading time":"1 minute"},"schema":{"@context":"https:\/\/schema.org","@graph":[{"@type":"WebPage","@id":"https:\/\/iene11.eu\/learning-tools\/","url":"https:\/\/iene11.eu\/learning-tools\/","name":"Herramientas de aprendizaje -","isPartOf":{"@id":"https:\/\/iene11.eu\/#website"},"datePublished":"2022-07-19T16:22:47+00:00","dateModified":"2023-12-28T18:03:56+00:00","description":"A set of 20\u00a0 Bite sized Learning Tools designed to inform, promote, communicate, advise, and influence the public on vaccination, addressing the challenges associated with vaccine hesitancy.","breadcrumb":{"@id":"https:\/\/iene11.eu\/learning-tools\/#breadcrumb"},"inLanguage":"es-ES","potentialAction":[{"@type":"ReadAction","target":["https:\/\/iene11.eu\/learning-tools\/"]}]},{"@type":"BreadcrumbList","@id":"https:\/\/iene11.eu\/learning-tools\/#breadcrumb","itemListElement":[{"@type":"ListItem","position":1,"name":"Home","item":"https:\/\/iene11.eu\/"},{"@type":"ListItem","position":2,"name":"Learning Tools"}]},{"@type":"WebSite","@id":"https:\/\/iene11.eu\/#website","url":"https:\/\/iene11.eu\/","name":"","description":"Empowering nurses and healthcare professionals to promote vaccination and tackle vaccine hesitancy","potentialAction":[{"@type":"SearchAction","target":{"@type":"EntryPoint","urlTemplate":"https:\/\/iene11.eu\/?s={search_term_string}"},"query-input":"required name=search_term_string"}],"inLanguage":"es-ES"}]}},"_links":{"self":[{"href":"https:\/\/iene11.eu\/es\/wp-json\/wp\/v2\/pages\/3344","targetHints":{"allow":["GET"]}}],"collection":[{"href":"https:\/\/iene11.eu\/es\/wp-json\/wp\/v2\/pages"}],"about":[{"href":"https:\/\/iene11.eu\/es\/wp-json\/wp\/v2\/types\/page"}],"author":[{"embeddable":true,"href":"https:\/\/iene11.eu\/es\/wp-json\/wp\/v2\/users\/1"}],"replies":[{"embeddable":true,"href":"https:\/\/iene11.eu\/es\/wp-json\/wp\/v2\/comments?post=3344"}],"version-history":[{"count":30,"href":"https:\/\/iene11.eu\/es\/wp-json\/wp\/v2\/pages\/3344\/revisions"}],"predecessor-version":[{"id":6535,"href":"https:\/\/iene11.eu\/es\/wp-json\/wp\/v2\/pages\/3344\/revisions\/6535"}],"wp:attachment":[{"href":"https:\/\/iene11.eu\/es\/wp-json\/wp\/v2\/media?parent=3344"}],"curies":[{"name":"wp","href":"https:\/\/api.w.org\/{rel}","templated":true}]}}