{"id":6210,"date":"2022-08-17T10:32:00","date_gmt":"2022-08-17T10:32:00","guid":{"rendered":"https:\/\/iene11.eu\/?page_id=6210"},"modified":"2023-08-29T16:02:25","modified_gmt":"2023-08-29T16:02:25","slug":"aims-and-objectives","status":"publish","type":"page","link":"https:\/\/iene11.eu\/es\/project\/aims-and-objectives\/","title":{"rendered":"Aims and objectives"},"content":{"rendered":"<p>El proyecto IENE 11 PROVAC es una fuerte respuesta a la importante demanda europea, subrayada en la Estrategia de la UE para las vacunas COVID-19. Desea preparar a los profesionales de la salud como fuentes fiables de informaci\u00f3n sobre temas de vacunaci\u00f3n y empoderarlos para abordar las dudas sobre las vacunas, la desinformaci\u00f3n y garantizar una comunicaci\u00f3n clara sobre los beneficios, los riesgos y la importancia de las vacunas contra COVID-19 y fomentar la confianza de la poblaci\u00f3n en las vacunas.<\/p>\n<p>El proyecto tiene como objetivo apoyar y capacitar a los profesionales de la salud para promover la vacunaci\u00f3n y abordar la vacilaci\u00f3n vacunal, mejorar sus conocimientos y desarrollando habilidades de comunicaci\u00f3n, de relaci\u00f3n cultural y social, empoder\u00e1ndolos para luchar contra la desinformaci\u00f3n, y mejorar la confianza en la vacuna de las personas que son m\u00e1s indecisas o personas de grupos desfavorecidos.<\/p>\n<p>Los objetivos del proyecto son:<\/p>\n<ul>\n<li>Aumentar el nivel de conocimiento sobre vacunas y vacunaci\u00f3n de los profesionales de la salud y apoyarlos para promover la vacunaci\u00f3n y abordar la reticencia vacunal.<\/li>\n<li>Fortalecer los aspectos relacionados con la vacunaci\u00f3n e inmunizaci\u00f3n en los curr\u00edculos de formaci\u00f3n de los profesionales de la salud.<\/li>\n<li>Aumentar la calidad en la formaci\u00f3n continua de los trabajadores sanitarios implicados en la vacunaci\u00f3n.<\/li>\n<\/ul>\n","protected":false},"excerpt":{"rendered":"<p>El proyecto IENE 11 PROVAC es una fuerte respuesta a la importante demanda europea, subrayada en la Estrategia de la UE para las vacunas COVID-19. Desea preparar a los profesionales de la salud como fuentes fiables de informaci\u00f3n sobre temas de vacunaci\u00f3n y empoderarlos para abordar las dudas sobre las vacunas, la desinformaci\u00f3n y garantizar una comunicaci\u00f3n clara sobre los beneficios, los riesgos y la importancia de las vacunas contra COVID-19 y fomentar la confianza de la poblaci\u00f3n en las vacunas. El proyecto tiene como objetivo apoyar y capacitar a los profesionales de la salud para promover la vacunaci\u00f3n y [&hellip;]<\/p>\n","protected":false},"author":1,"featured_media":0,"parent":69,"menu_order":0,"comment_status":"closed","ping_status":"closed","template":"template-fullwidth.php","meta":{"footnotes":""},"class_list":["post-6210","page","type-page","status-publish","hentry"],"translation":{"provider":"WPGlobus","version":"2.12.2","language":"es","enabled_languages":["en","es","el","ro"],"languages":{"en":{"title":true,"content":true,"excerpt":false},"es":{"title":false,"content":true,"excerpt":false},"el":{"title":false,"content":true,"excerpt":false},"ro":{"title":false,"content":true,"excerpt":false}}},"yoast_head":"<!-- This site is optimized with the Yoast SEO plugin v21.1 - https:\/\/yoast.com\/wordpress\/plugins\/seo\/ -->\n<title>Aims and objectives -<\/title>\n<meta name=\"robots\" content=\"index, follow, max-snippet:-1, max-image-preview:large, max-video-preview:-1\" \/>\n<link rel=\"canonical\" href=\"https:\/\/iene11.eu\/project\/aims-and-objectives\/\" \/>\n<meta property=\"og:locale\" content=\"es_ES\" \/>\n<meta property=\"og:type\" content=\"article\" \/>\n<meta property=\"og:title\" content=\"Aims and objectives -\" \/>\n<meta property=\"og:url\" content=\"https:\/\/iene11.eu\/project\/aims-and-objectives\/\" \/>\n<meta property=\"article:modified_time\" content=\"2023-08-29T16:02:25+00:00\" \/>\n<meta name=\"twitter:card\" content=\"summary_large_image\" \/>\n<meta name=\"twitter:label1\" content=\"Est. reading time\" \/>\n\t<meta name=\"twitter:data1\" content=\"3 minutes\" \/>\n<script type=\"application\/ld+json\" class=\"yoast-schema-graph\">{\"@context\":\"https:\/\/schema.org\",\"@graph\":[{\"@type\":\"WebPage\",\"@id\":\"https:\/\/iene11.eu\/project\/aims-and-objectives\/\",\"url\":\"https:\/\/iene11.eu\/project\/aims-and-objectives\/\",\"name\":\"Aims and objectives -\",\"isPartOf\":{\"@id\":\"https:\/\/iene11.eu\/#website\"},\"datePublished\":\"2022-08-17T10:32:00+00:00\",\"dateModified\":\"2023-08-29T16:02:25+00:00\",\"breadcrumb\":{\"@id\":\"https:\/\/iene11.eu\/project\/aims-and-objectives\/#breadcrumb\"},\"inLanguage\":\"es-ES\",\"potentialAction\":[{\"@type\":\"ReadAction\",\"target\":[\"https:\/\/iene11.eu\/project\/aims-and-objectives\/\"]}]},{\"@type\":\"BreadcrumbList\",\"@id\":\"https:\/\/iene11.eu\/project\/aims-and-objectives\/#breadcrumb\",\"itemListElement\":[{\"@type\":\"ListItem\",\"position\":1,\"name\":\"Home\",\"item\":\"https:\/\/iene11.eu\/\"},{\"@type\":\"ListItem\",\"position\":2,\"name\":\"IENE11 Project\",\"item\":\"https:\/\/iene11.eu\/project\/\"},{\"@type\":\"ListItem\",\"position\":3,\"name\":\"Aims and objectives\"}]},{\"@type\":\"WebSite\",\"@id\":\"https:\/\/iene11.eu\/#website\",\"url\":\"https:\/\/iene11.eu\/\",\"name\":\"\",\"description\":\"Empowering nurses and healthcare professionals to promote vaccination and tackle vaccine hesitancy\",\"potentialAction\":[{\"@type\":\"SearchAction\",\"target\":{\"@type\":\"EntryPoint\",\"urlTemplate\":\"https:\/\/iene11.eu\/?s={search_term_string}\"},\"query-input\":\"required name=search_term_string\"}],\"inLanguage\":\"es-ES\"}]}<\/script>\n<!-- \/ Yoast SEO plugin. -->","yoast_head_json":{"title":"Aims and objectives -","robots":{"index":"index","follow":"follow","max-snippet":"max-snippet:-1","max-image-preview":"max-image-preview:large","max-video-preview":"max-video-preview:-1"},"canonical":"https:\/\/iene11.eu\/project\/aims-and-objectives\/","og_locale":"es_ES","og_type":"article","og_title":"Aims and objectives -","og_url":"https:\/\/iene11.eu\/project\/aims-and-objectives\/","article_modified_time":"2023-08-29T16:02:25+00:00","twitter_card":"summary_large_image","twitter_misc":{"Est. reading time":"3 minutes"},"schema":{"@context":"https:\/\/schema.org","@graph":[{"@type":"WebPage","@id":"https:\/\/iene11.eu\/project\/aims-and-objectives\/","url":"https:\/\/iene11.eu\/project\/aims-and-objectives\/","name":"Aims and objectives -","isPartOf":{"@id":"https:\/\/iene11.eu\/#website"},"datePublished":"2022-08-17T10:32:00+00:00","dateModified":"2023-08-29T16:02:25+00:00","breadcrumb":{"@id":"https:\/\/iene11.eu\/project\/aims-and-objectives\/#breadcrumb"},"inLanguage":"es-ES","potentialAction":[{"@type":"ReadAction","target":["https:\/\/iene11.eu\/project\/aims-and-objectives\/"]}]},{"@type":"BreadcrumbList","@id":"https:\/\/iene11.eu\/project\/aims-and-objectives\/#breadcrumb","itemListElement":[{"@type":"ListItem","position":1,"name":"Home","item":"https:\/\/iene11.eu\/"},{"@type":"ListItem","position":2,"name":"IENE11 Project","item":"https:\/\/iene11.eu\/project\/"},{"@type":"ListItem","position":3,"name":"Aims and objectives"}]},{"@type":"WebSite","@id":"https:\/\/iene11.eu\/#website","url":"https:\/\/iene11.eu\/","name":"","description":"Empowering nurses and healthcare professionals to promote vaccination and tackle vaccine hesitancy","potentialAction":[{"@type":"SearchAction","target":{"@type":"EntryPoint","urlTemplate":"https:\/\/iene11.eu\/?s={search_term_string}"},"query-input":"required name=search_term_string"}],"inLanguage":"es-ES"}]}},"_links":{"self":[{"href":"https:\/\/iene11.eu\/es\/wp-json\/wp\/v2\/pages\/6210","targetHints":{"allow":["GET"]}}],"collection":[{"href":"https:\/\/iene11.eu\/es\/wp-json\/wp\/v2\/pages"}],"about":[{"href":"https:\/\/iene11.eu\/es\/wp-json\/wp\/v2\/types\/page"}],"author":[{"embeddable":true,"href":"https:\/\/iene11.eu\/es\/wp-json\/wp\/v2\/users\/1"}],"replies":[{"embeddable":true,"href":"https:\/\/iene11.eu\/es\/wp-json\/wp\/v2\/comments?post=6210"}],"version-history":[{"count":5,"href":"https:\/\/iene11.eu\/es\/wp-json\/wp\/v2\/pages\/6210\/revisions"}],"predecessor-version":[{"id":6902,"href":"https:\/\/iene11.eu\/es\/wp-json\/wp\/v2\/pages\/6210\/revisions\/6902"}],"up":[{"embeddable":true,"href":"https:\/\/iene11.eu\/es\/wp-json\/wp\/v2\/pages\/69"}],"wp:attachment":[{"href":"https:\/\/iene11.eu\/es\/wp-json\/wp\/v2\/media?parent=6210"}],"curies":[{"name":"wp","href":"https:\/\/api.w.org\/{rel}","templated":true}]}}