{"id":83,"date":"2022-07-11T18:59:01","date_gmt":"2022-07-11T18:59:01","guid":{"rendered":"http:\/\/uibiproject.org\/uibiproject.org\/?page_id=83"},"modified":"2023-12-28T16:42:59","modified_gmt":"2023-12-28T16:42:59","slug":"activities","status":"publish","type":"page","link":"https:\/\/iene11.eu\/es\/project\/activities\/","title":{"rendered":"Actividades"},"content":{"rendered":"<p>El proyecto comenz\u00f3 con una investigaci\u00f3n sobre vacunaci\u00f3n e inmunizaci\u00f3n para detectar los temas clave y desarrollar una <strong>Gu\u00eda Informativa<\/strong>. Los socios revisaron en las principales bases de datos de Internet los recursos informativos y las herramientas para el personal sanitario que mejoren y actualicen sus conocimientos sobre vacunas y vacunaci\u00f3n.<\/p>\n<p>Despu\u00e9s, los socios crearon <strong>20 hojas informativas<\/strong>, las tradujeron al ingl\u00e9s, rumano, espa\u00f1ol y griego y organizaron campa\u00f1as informativas entre grupos vulnerables y personas que dudaban en vacunarse.<\/p>\n<p>Sobre la base del modelo PPT\/IENE, desarrollado en proyectos IENE anteriores, los socios establecieron el <strong>Plan de Estudios o Curr\u00edculum de Formaci\u00f3n<\/strong> para los profesionales de la salud involucrados en la vacunaci\u00f3n y la inmunizaci\u00f3n con el objetivo de mejorar sus competencias, habilidades de comunicaci\u00f3n y relaciones sociales para trabajar con personas que provienen de grupos de dif\u00edcil acceso y abordar la vacilaci\u00f3n de la vacuna.<\/p>\n<p>Tras esto, los socios crearon <strong>20 herramientas de aprendizaje<\/strong>, organizadas de forma atractiva con enlaces a recursos adicionales, videos de YouTube, animaciones y otras fuentes de informaci\u00f3n recopiladas de Internet en licencia CC. Estas herramientas est\u00e1n disponibles en la plataforma web en ingl\u00e9s, rumano, espa\u00f1ol y griego para ser utilizadas por el personal sanitario en el autoaprendizaje y mejorar sus conocimientos sobre vacunaci\u00f3n.<\/p>\n<p>Bajo la coordinaci\u00f3n de Edunet, los socios crearon la metodolog\u00eda y el contenido de un <strong>Curso de Formaci\u00f3n sobre vacunaci\u00f3n<\/strong> y establecieron el Curso a distancia o en L\u00ednea (MOOC), con el objetivo de capacitar a los profesionales de la salud para abordar la reticencia a las vacunas.<\/p>\n<p>El curso fue impartido, pilotado y evaluado durante seis semanas, del 2 de octubre al 10 de noviembre de 2023.<\/p>\n<p>Los participantes del MOOC aumentaron sus conocimientos sobre la vacunaci\u00f3n, la conciencia y el conocimiento cultural sobre las personas indecisas y vulnerables, su pensamiento y creencias culturales frente a la vacunaci\u00f3n y tambi\u00e9n aumentaron sus habilidades para informar, asesorar sobre la vacunaci\u00f3n, promover y abogar por combatir los malentendidos y mitos de la vacunaci\u00f3n, influir, obtener confianza, persuadir y mejorar la confianza en las vacunas para grupos de dif\u00edcil acceso.<\/p>\n","protected":false},"excerpt":{"rendered":"<p>El proyecto comenz\u00f3 con una investigaci\u00f3n sobre vacunaci\u00f3n e inmunizaci\u00f3n para detectar los temas clave y desarrollar una Gu\u00eda Informativa. Los socios revisaron en las principales bases de datos de Internet los recursos informativos y las herramientas para el personal sanitario que mejoren y actualicen sus conocimientos sobre vacunas y vacunaci\u00f3n. Despu\u00e9s, los socios crearon 20 hojas informativas, las tradujeron al ingl\u00e9s, rumano, espa\u00f1ol y griego y organizaron campa\u00f1as informativas entre grupos vulnerables y personas que dudaban en vacunarse. Sobre la base del modelo PPT\/IENE, desarrollado en proyectos IENE anteriores, los socios establecieron el Plan de Estudios o Curr\u00edculum de [&hellip;]<\/p>\n","protected":false},"author":1,"featured_media":0,"parent":69,"menu_order":4,"comment_status":"closed","ping_status":"closed","template":"template-fullwidth.php","meta":{"footnotes":""},"class_list":["post-83","page","type-page","status-publish","hentry"],"translation":{"provider":"WPGlobus","version":"2.12.2","language":"es","enabled_languages":["en","es","el","ro"],"languages":{"en":{"title":true,"content":true,"excerpt":false},"es":{"title":true,"content":true,"excerpt":false},"el":{"title":true,"content":true,"excerpt":false},"ro":{"title":true,"content":true,"excerpt":false}}},"yoast_head":"<!-- This site is optimized with the Yoast SEO plugin v21.1 - https:\/\/yoast.com\/wordpress\/plugins\/seo\/ -->\n<title>Actividades -<\/title>\n<meta name=\"robots\" content=\"index, follow, max-snippet:-1, max-image-preview:large, max-video-preview:-1\" \/>\n<link rel=\"canonical\" href=\"https:\/\/iene11.eu\/project\/activities\/\" \/>\n<meta property=\"og:locale\" content=\"es_ES\" \/>\n<meta property=\"og:type\" content=\"article\" \/>\n<meta property=\"og:title\" content=\"Actividades -\" \/>\n<meta property=\"og:url\" content=\"https:\/\/iene11.eu\/project\/activities\/\" \/>\n<meta property=\"article:modified_time\" content=\"2023-12-28T16:42:59+00:00\" \/>\n<meta name=\"twitter:card\" content=\"summary_large_image\" \/>\n<meta name=\"twitter:label1\" content=\"Est. reading time\" \/>\n\t<meta name=\"twitter:data1\" content=\"2 minutes\" \/>\n<script type=\"application\/ld+json\" class=\"yoast-schema-graph\">{\"@context\":\"https:\/\/schema.org\",\"@graph\":[{\"@type\":\"WebPage\",\"@id\":\"https:\/\/iene11.eu\/project\/activities\/\",\"url\":\"https:\/\/iene11.eu\/project\/activities\/\",\"name\":\"Actividades -\",\"isPartOf\":{\"@id\":\"https:\/\/iene11.eu\/#website\"},\"datePublished\":\"2022-07-11T18:59:01+00:00\",\"dateModified\":\"2023-12-28T16:42:59+00:00\",\"breadcrumb\":{\"@id\":\"https:\/\/iene11.eu\/project\/activities\/#breadcrumb\"},\"inLanguage\":\"es-ES\",\"potentialAction\":[{\"@type\":\"ReadAction\",\"target\":[\"https:\/\/iene11.eu\/project\/activities\/\"]}]},{\"@type\":\"BreadcrumbList\",\"@id\":\"https:\/\/iene11.eu\/project\/activities\/#breadcrumb\",\"itemListElement\":[{\"@type\":\"ListItem\",\"position\":1,\"name\":\"Home\",\"item\":\"https:\/\/iene11.eu\/\"},{\"@type\":\"ListItem\",\"position\":2,\"name\":\"IENE11 Project\",\"item\":\"https:\/\/iene11.eu\/project\/\"},{\"@type\":\"ListItem\",\"position\":3,\"name\":\"Activities\"}]},{\"@type\":\"WebSite\",\"@id\":\"https:\/\/iene11.eu\/#website\",\"url\":\"https:\/\/iene11.eu\/\",\"name\":\"\",\"description\":\"Empowering nurses and healthcare professionals to promote vaccination and tackle vaccine hesitancy\",\"potentialAction\":[{\"@type\":\"SearchAction\",\"target\":{\"@type\":\"EntryPoint\",\"urlTemplate\":\"https:\/\/iene11.eu\/?s={search_term_string}\"},\"query-input\":\"required name=search_term_string\"}],\"inLanguage\":\"es-ES\"}]}<\/script>\n<!-- \/ Yoast SEO plugin. -->","yoast_head_json":{"title":"Actividades -","robots":{"index":"index","follow":"follow","max-snippet":"max-snippet:-1","max-image-preview":"max-image-preview:large","max-video-preview":"max-video-preview:-1"},"canonical":"https:\/\/iene11.eu\/project\/activities\/","og_locale":"es_ES","og_type":"article","og_title":"Actividades -","og_url":"https:\/\/iene11.eu\/project\/activities\/","article_modified_time":"2023-12-28T16:42:59+00:00","twitter_card":"summary_large_image","twitter_misc":{"Est. reading time":"2 minutes"},"schema":{"@context":"https:\/\/schema.org","@graph":[{"@type":"WebPage","@id":"https:\/\/iene11.eu\/project\/activities\/","url":"https:\/\/iene11.eu\/project\/activities\/","name":"Actividades -","isPartOf":{"@id":"https:\/\/iene11.eu\/#website"},"datePublished":"2022-07-11T18:59:01+00:00","dateModified":"2023-12-28T16:42:59+00:00","breadcrumb":{"@id":"https:\/\/iene11.eu\/project\/activities\/#breadcrumb"},"inLanguage":"es-ES","potentialAction":[{"@type":"ReadAction","target":["https:\/\/iene11.eu\/project\/activities\/"]}]},{"@type":"BreadcrumbList","@id":"https:\/\/iene11.eu\/project\/activities\/#breadcrumb","itemListElement":[{"@type":"ListItem","position":1,"name":"Home","item":"https:\/\/iene11.eu\/"},{"@type":"ListItem","position":2,"name":"IENE11 Project","item":"https:\/\/iene11.eu\/project\/"},{"@type":"ListItem","position":3,"name":"Activities"}]},{"@type":"WebSite","@id":"https:\/\/iene11.eu\/#website","url":"https:\/\/iene11.eu\/","name":"","description":"Empowering nurses and healthcare professionals to promote vaccination and tackle vaccine hesitancy","potentialAction":[{"@type":"SearchAction","target":{"@type":"EntryPoint","urlTemplate":"https:\/\/iene11.eu\/?s={search_term_string}"},"query-input":"required name=search_term_string"}],"inLanguage":"es-ES"}]}},"_links":{"self":[{"href":"https:\/\/iene11.eu\/es\/wp-json\/wp\/v2\/pages\/83","targetHints":{"allow":["GET"]}}],"collection":[{"href":"https:\/\/iene11.eu\/es\/wp-json\/wp\/v2\/pages"}],"about":[{"href":"https:\/\/iene11.eu\/es\/wp-json\/wp\/v2\/types\/page"}],"author":[{"embeddable":true,"href":"https:\/\/iene11.eu\/es\/wp-json\/wp\/v2\/users\/1"}],"replies":[{"embeddable":true,"href":"https:\/\/iene11.eu\/es\/wp-json\/wp\/v2\/comments?post=83"}],"version-history":[{"count":13,"href":"https:\/\/iene11.eu\/es\/wp-json\/wp\/v2\/pages\/83\/revisions"}],"predecessor-version":[{"id":6952,"href":"https:\/\/iene11.eu\/es\/wp-json\/wp\/v2\/pages\/83\/revisions\/6952"}],"up":[{"embeddable":true,"href":"https:\/\/iene11.eu\/es\/wp-json\/wp\/v2\/pages\/69"}],"wp:attachment":[{"href":"https:\/\/iene11.eu\/es\/wp-json\/wp\/v2\/media?parent=83"}],"curies":[{"name":"wp","href":"https:\/\/api.w.org\/{rel}","templated":true}]}}