{"id":99,"date":"2022-07-13T21:01:47","date_gmt":"2022-07-13T21:01:47","guid":{"rendered":"http:\/\/uibiproject.org\/uibiproject.org\/?page_id=99"},"modified":"2023-12-28T17:54:12","modified_gmt":"2023-12-28T17:54:12","slug":"results","status":"publish","type":"page","link":"https:\/\/iene11.eu\/es\/project\/results\/","title":{"rendered":"Resultados"},"content":{"rendered":"<h2>Resultado n\u00ba1. Kit de informaci\u00f3n sobre vacunaci\u00f3n<\/h2>\n<ul>\n<li>Resultado 1.1: Una base de datos de fuentes fiables de informaci\u00f3n y herramientas sobre diferentes temas sobre vacunas y vacunaci\u00f3n.<\/li>\n<\/ul>\n<p>Descarga la <strong><u><a href=\"https:\/\/iene11.eu\/wp-content\/uploads\/2022\/09\/IENE-11-Result-no.-1.1-Information-Guide_English.pdf\">Gu\u00eda Informativa sobre Vacunaci\u00f3n y Reticencia a la Vacunaci\u00f3n<\/a><\/u><\/strong><\/p>\n<ul>\n<li>Resultado 1.2: Un conjunto de 20 hojas informativas que presentan la informaci\u00f3n esencial, fiable y basada en la evidencia sobre diversos temas relacionados con la vacunaci\u00f3n con el objetivo de combatir la desinformaci\u00f3n y las noticias falsas, desacreditar los mitos y las dudas sobre las vacunas.<\/li>\n<\/ul>\n<p><em>Descargue el <strong><u>Compendio de Hojas Informativas sobre Vacunaci\u00f3n y Reticencia a la Vacunaci\u00f3n<\/u><\/strong> en <\/em><a href=\"https:\/\/iene11.eu\/wp-content\/uploads\/2022\/09\/IENE11_Result-no.-1.2.-Compendium-of-Infoshets_English.pdf\"><em>English<\/em><\/a><em>, <\/em><a href=\"https:\/\/iene11.eu\/wp-content\/uploads\/2022\/09\/IENE11_Result-no.-1.2.-Compendium-of-Infoshets_Romanian.pdf\"><em>Romanian<\/em><\/a><em>, <\/em><a href=\"https:\/\/iene11.eu\/wp-content\/uploads\/2022\/09\/Infosheet_Spain.zip\"><em>Spanish<\/em><\/a><em> y <\/em><a href=\"https:\/\/iene11.eu\/wp-content\/uploads\/2022\/09\/IENE11_Result-no.-1.2.-Compendium-of-Infoshets_Greek.pdf\"><em>Greek<\/em><\/a><\/p>\n<h2>Resultado n\u00ba2. Plan de Estudios de Formaci\u00f3n<\/h2>\n<ul>\n<li><em>Resultado 2.1: El Modelo de Formaci\u00f3n IENE11 basado en el Modelo PTT\/IENE desarrollado durante los proyectos IENE.<\/em><\/li>\n<\/ul>\n<p><em>Descargue el <strong><u>Modelo de Formaci\u00f3n<\/u><\/strong> en <\/em><a href=\"https:\/\/iene11.eu\/wp-content\/uploads\/2022\/11\/IENE11_Result-no.-2.1-Competence-Framework_English.pdf\"><em>English<\/em><\/a><em>,<\/em><a href=\"https:\/\/iene11.eu\/wp-content\/uploads\/2022\/11\/IENE11_Result-no.-2.1-Competence-Framework_Romanian.pdf\"><em> Romanian<\/em><\/a><em>, <\/em><a href=\"https:\/\/iene11.eu\/wp-content\/uploads\/2022\/11\/IENE11_Result-no.-2.1-Competence-Framework_Greek.pdf\"><em>Greek<\/em><\/a><em> y <\/em><a href=\"https:\/\/iene11.eu\/wp-content\/uploads\/2022\/11\/IENE11_Result-no.-2.1-Competence-Framework_Spanish.pdf\"><em>Spanish<\/em><\/a><em>.<\/em><\/p>\n<ul>\n<li>Producto 2.2: El Curr\u00edculo de Formaci\u00f3n compuesto por <strong>cuatro M\u00f3dulos de aprendizaje<\/strong> siguiendo las cuatro construcciones del Modelo: Conciencia Cultural, Conocimiento Cultural, Sensibilidad Cultural y Competencia Cultural<\/li>\n<\/ul>\n<p><em>Descargue el <strong><u>Plan de Estudios o Curr\u00edculum de Formaci\u00f3n<\/u><\/strong> en <\/em><a href=\"https:\/\/iene11.eu\/wp-content\/uploads\/2022\/11\/IENE11_Result-no.-2.2.-Training-Curiculum-Model_English.pdf\"><em>English<\/em><\/a><em>, <\/em><a href=\"https:\/\/iene11.eu\/wp-content\/uploads\/2022\/11\/IENE11_Result-no.-2.2.-Training-Curiculum-Model_Romanian.pdf\"><em>Romanian<\/em><\/a><em>, <\/em><a href=\"https:\/\/iene11.eu\/wp-content\/uploads\/2022\/11\/IENE11_Result-no.-2.2.-Training-Curiculum-Model_Greek.pdf\"><em>Greek<\/em><\/a><em> y <\/em><a href=\"https:\/\/iene11.eu\/wp-content\/uploads\/2022\/11\/IENE11_Result-no.-2.2.-Training-Curiculum-Model_Spanish.pdf\"><em>Spanis<\/em><\/a><a href=\"https:\/\/iene11.eu\/wp-content\/uploads\/2022\/11\/IENE11_Result-no.-2.2.-Training-Curiculum-Model_Spanish.pdf\"><em>h<\/em><\/a><em>.<\/em><\/p>\n<h2>Resultado n\u00ba 3. Herramientas de aprendizaje<\/h2>\n<ul>\n<li>Resultado 3: Un conjunto de <strong>20 herramientas de aprendizaje <\/strong>creadas por los socios. Cada herramienta aborda un tema espec\u00edfico de acuerdo con los M\u00f3dulos Curriculares espec\u00edficos<\/li>\n<\/ul>\n<p>Descargue el <strong><em><u>Compendio de herramientas de aprendizaje <\/u><\/em><\/strong>en <a href=\"https:\/\/iene11.eu\/wp-content\/uploads\/2023\/04\/IENE-11-Result-no.3-Bite-sized-learning-Tools_English.pdf\"><em>English<\/em><\/a><em>, <\/em><a href=\"https:\/\/iene11.eu\/wp-content\/uploads\/2023\/04\/IENE-11-Result-no.-3-Bite-sized-Learning-Tools-Compendium-_Romanian-1.pdf\"><em>Romanian<\/em><\/a><em>, <\/em><a href=\"https:\/\/iene11.eu\/wp-content\/uploads\/2023\/05\/IENE-11-Result-no.-3-Bite-sized-Learning-Tools-Compendium-_Greek.pdf\"><em>Greek<\/em><\/a><em> \u00a0y<\/em><a href=\"https:\/\/iene11.eu\/wp-content\/uploads\/2023\/05\/09.05-BSLT-Compendium-Spanish.pdf\"><em> Spanish<\/em><\/a>.<\/p>\n<h2>Resultado n\u00ba 4.\u00a0Curso de formaci\u00f3n en vacunaci\u00f3n (MOOC)<\/h2>\n<p>El Curso tiene como objetivo capacitar a los profesionales de la salud para promover la vacunaci\u00f3n y abordar la reticencia a la vacuna.<\/p>\n<ul>\n<li>Resultado 4.1. Gu\u00eda del curso de formaci\u00f3n.<\/li>\n<li>Resultado 4.2: Compendio de contenido MOOC en ingl\u00e9s, rumano, griego y espa\u00f1ol.<\/li>\n<li>Resultado 4.3. <a href=\"https:\/\/iene11.eu\/wp-content\/uploads\/2023\/07\/IENE-11-Output-4.3.-MOOC-Facilitator-Manual.docx\">Kit de formaci\u00f3n de facilitadores de MOOC<\/a> en ingl\u00e9s.<\/li>\n<\/ul>\n","protected":false},"excerpt":{"rendered":"<p>Resultado n\u00ba1. Kit de informaci\u00f3n sobre vacunaci\u00f3n Resultado 1.1: Una base de datos de fuentes fiables de informaci\u00f3n y herramientas sobre diferentes temas sobre vacunas y vacunaci\u00f3n. Descarga la Gu\u00eda Informativa sobre Vacunaci\u00f3n y Reticencia a la Vacunaci\u00f3n Resultado 1.2: Un conjunto de 20 hojas informativas que presentan la informaci\u00f3n esencial, fiable y basada en la evidencia sobre diversos temas relacionados con la vacunaci\u00f3n con el objetivo de combatir la desinformaci\u00f3n y las noticias falsas, desacreditar los mitos y las dudas sobre las vacunas. Descargue el Compendio de Hojas Informativas sobre Vacunaci\u00f3n y Reticencia a la Vacunaci\u00f3n en English, Romanian, [&hellip;]<\/p>\n","protected":false},"author":1,"featured_media":0,"parent":69,"menu_order":10,"comment_status":"closed","ping_status":"closed","template":"","meta":{"footnotes":""},"class_list":["post-99","page","type-page","status-publish","hentry"],"translation":{"provider":"WPGlobus","version":"2.12.2","language":"es","enabled_languages":["en","es","el","ro"],"languages":{"en":{"title":true,"content":true,"excerpt":false},"es":{"title":true,"content":true,"excerpt":false},"el":{"title":true,"content":true,"excerpt":false},"ro":{"title":true,"content":true,"excerpt":false}}},"yoast_head":"<!-- This site is optimized with the Yoast SEO plugin v21.1 - https:\/\/yoast.com\/wordpress\/plugins\/seo\/ -->\n<title>Resultados -<\/title>\n<meta name=\"robots\" content=\"index, follow, max-snippet:-1, max-image-preview:large, max-video-preview:-1\" \/>\n<link rel=\"canonical\" href=\"https:\/\/iene11.eu\/project\/results\/\" \/>\n<meta property=\"og:locale\" content=\"es_ES\" \/>\n<meta property=\"og:type\" content=\"article\" \/>\n<meta property=\"og:title\" content=\"Resultados -\" \/>\n<meta property=\"og:url\" content=\"https:\/\/iene11.eu\/project\/results\/\" \/>\n<meta property=\"article:modified_time\" content=\"2023-12-28T17:54:12+00:00\" \/>\n<meta name=\"twitter:card\" content=\"summary_large_image\" \/>\n<meta name=\"twitter:label1\" content=\"Est. reading time\" \/>\n\t<meta name=\"twitter:data1\" content=\"2 minutes\" \/>\n<script type=\"application\/ld+json\" class=\"yoast-schema-graph\">{\"@context\":\"https:\/\/schema.org\",\"@graph\":[{\"@type\":\"WebPage\",\"@id\":\"https:\/\/iene11.eu\/project\/results\/\",\"url\":\"https:\/\/iene11.eu\/project\/results\/\",\"name\":\"Resultados -\",\"isPartOf\":{\"@id\":\"https:\/\/iene11.eu\/#website\"},\"datePublished\":\"2022-07-13T21:01:47+00:00\",\"dateModified\":\"2023-12-28T17:54:12+00:00\",\"breadcrumb\":{\"@id\":\"https:\/\/iene11.eu\/project\/results\/#breadcrumb\"},\"inLanguage\":\"es-ES\",\"potentialAction\":[{\"@type\":\"ReadAction\",\"target\":[\"https:\/\/iene11.eu\/project\/results\/\"]}]},{\"@type\":\"BreadcrumbList\",\"@id\":\"https:\/\/iene11.eu\/project\/results\/#breadcrumb\",\"itemListElement\":[{\"@type\":\"ListItem\",\"position\":1,\"name\":\"Home\",\"item\":\"https:\/\/iene11.eu\/\"},{\"@type\":\"ListItem\",\"position\":2,\"name\":\"IENE11 Project\",\"item\":\"https:\/\/iene11.eu\/project\/\"},{\"@type\":\"ListItem\",\"position\":3,\"name\":\"Results\"}]},{\"@type\":\"WebSite\",\"@id\":\"https:\/\/iene11.eu\/#website\",\"url\":\"https:\/\/iene11.eu\/\",\"name\":\"\",\"description\":\"Empowering nurses and healthcare professionals to promote vaccination and tackle vaccine hesitancy\",\"potentialAction\":[{\"@type\":\"SearchAction\",\"target\":{\"@type\":\"EntryPoint\",\"urlTemplate\":\"https:\/\/iene11.eu\/?s={search_term_string}\"},\"query-input\":\"required name=search_term_string\"}],\"inLanguage\":\"es-ES\"}]}<\/script>\n<!-- \/ Yoast SEO plugin. -->","yoast_head_json":{"title":"Resultados -","robots":{"index":"index","follow":"follow","max-snippet":"max-snippet:-1","max-image-preview":"max-image-preview:large","max-video-preview":"max-video-preview:-1"},"canonical":"https:\/\/iene11.eu\/project\/results\/","og_locale":"es_ES","og_type":"article","og_title":"Resultados -","og_url":"https:\/\/iene11.eu\/project\/results\/","article_modified_time":"2023-12-28T17:54:12+00:00","twitter_card":"summary_large_image","twitter_misc":{"Est. reading time":"2 minutes"},"schema":{"@context":"https:\/\/schema.org","@graph":[{"@type":"WebPage","@id":"https:\/\/iene11.eu\/project\/results\/","url":"https:\/\/iene11.eu\/project\/results\/","name":"Resultados -","isPartOf":{"@id":"https:\/\/iene11.eu\/#website"},"datePublished":"2022-07-13T21:01:47+00:00","dateModified":"2023-12-28T17:54:12+00:00","breadcrumb":{"@id":"https:\/\/iene11.eu\/project\/results\/#breadcrumb"},"inLanguage":"es-ES","potentialAction":[{"@type":"ReadAction","target":["https:\/\/iene11.eu\/project\/results\/"]}]},{"@type":"BreadcrumbList","@id":"https:\/\/iene11.eu\/project\/results\/#breadcrumb","itemListElement":[{"@type":"ListItem","position":1,"name":"Home","item":"https:\/\/iene11.eu\/"},{"@type":"ListItem","position":2,"name":"IENE11 Project","item":"https:\/\/iene11.eu\/project\/"},{"@type":"ListItem","position":3,"name":"Results"}]},{"@type":"WebSite","@id":"https:\/\/iene11.eu\/#website","url":"https:\/\/iene11.eu\/","name":"","description":"Empowering nurses and healthcare professionals to promote vaccination and tackle vaccine hesitancy","potentialAction":[{"@type":"SearchAction","target":{"@type":"EntryPoint","urlTemplate":"https:\/\/iene11.eu\/?s={search_term_string}"},"query-input":"required name=search_term_string"}],"inLanguage":"es-ES"}]}},"_links":{"self":[{"href":"https:\/\/iene11.eu\/es\/wp-json\/wp\/v2\/pages\/99","targetHints":{"allow":["GET"]}}],"collection":[{"href":"https:\/\/iene11.eu\/es\/wp-json\/wp\/v2\/pages"}],"about":[{"href":"https:\/\/iene11.eu\/es\/wp-json\/wp\/v2\/types\/page"}],"author":[{"embeddable":true,"href":"https:\/\/iene11.eu\/es\/wp-json\/wp\/v2\/users\/1"}],"replies":[{"embeddable":true,"href":"https:\/\/iene11.eu\/es\/wp-json\/wp\/v2\/comments?post=99"}],"version-history":[{"count":24,"href":"https:\/\/iene11.eu\/es\/wp-json\/wp\/v2\/pages\/99\/revisions"}],"predecessor-version":[{"id":6964,"href":"https:\/\/iene11.eu\/es\/wp-json\/wp\/v2\/pages\/99\/revisions\/6964"}],"up":[{"embeddable":true,"href":"https:\/\/iene11.eu\/es\/wp-json\/wp\/v2\/pages\/69"}],"wp:attachment":[{"href":"https:\/\/iene11.eu\/es\/wp-json\/wp\/v2\/media?parent=99"}],"curies":[{"name":"wp","href":"https:\/\/api.w.org\/{rel}","templated":true}]}}