{"id":17,"date":"2022-07-04T08:21:54","date_gmt":"2022-07-04T08:21:54","guid":{"rendered":"http:\/\/uibiproject.org\/uibiproject.org\/?page_id=15"},"modified":"2023-08-29T16:32:35","modified_gmt":"2023-08-29T16:32:35","slug":"partners","status":"publish","type":"page","link":"https:\/\/iene11.eu\/ro\/project\/partners\/","title":{"rendered":"Partenerii"},"content":{"rendered":"<h3><strong>COORDINATOR<\/strong><\/h3>\n<table border=\"0\">\n<tbody>\n<tr>\n<td style=\"text-align: center;\" rowspan=\"2\" width=\"20%\"><img loading=\"lazy\" decoding=\"async\" class=\"alignnone size-full wp-image-3110\" src=\"https:\/\/iene11.eu\/wp-content\/uploads\/2022\/07\/sigla_edunet_png-e1658244513676.png\" alt=\"\" width=\"150\" height=\"122\" \/><\/td>\n<td style=\"text-align: center;\" bgcolor=\"#d8b446\"><strong>EDUNET ORGANIZATION , CRAIOVA, ROMANIA<\/strong><\/p>\n<h4><a href=\"http:\/\/www.edu-net.ro\"><strong>www.edu-net.ro<\/strong><\/a><\/h4>\n<\/td>\n<\/tr>\n<tr>\n<td width=\"80%\">EDUNET este o organiza\u021bie non-profit care ofer\u0103 servicii \u0219i resurse pentru promovarea educa\u021biei pe tot parcursul vie\u021bii, pentru sus\u021binerea educa\u021biei profesionale, a cet\u0103\u021beniei active \u0219i a dezvolt\u0103rii de durat\u0103.<\/p>\n<p>EDUNET este furnizor autorizat de calificare \u0219i formare profesional\u0103 a adul\u021bilor \u0219i are dou\u0103 \u0219coli profesionale de calificare ini\u021bial\u0103 a asisten\u021bilor medicali..<\/td>\n<\/tr>\n<\/tbody>\n<\/table>\n<h3><strong>PARTNERS<\/strong><\/h3>\n<table border=\"0\">\n<tbody>\n<tr>\n<td style=\"text-align: center;\" rowspan=\"2\" width=\"20%\"><img loading=\"lazy\" decoding=\"async\" class=\"alignnone size-full wp-image-3111\" src=\"https:\/\/iene11.eu\/wp-content\/uploads\/2022\/07\/cut.jpg\" alt=\"\" width=\"200\" height=\"80\" \/><\/td>\n<td style=\"text-align: center;\" bgcolor=\"#d8b446\"><strong>CYPRUS UNIVERSITY OF TECHNOLOGY, LIMASSOL, CYPRUS<\/strong><\/p>\n<h4><a href=\"http:\/\/www.cut.ac.cy\">www.cut.ac.cy<\/a><\/h4>\n<\/td>\n<\/tr>\n<tr>\n<td width=\"80%\">Un parametru important al recunoa\u0219terii interna\u021bionale pe care o prime\u0219te Universitatea este clasamentul interna\u021bional al universit\u0103\u021bilor. \u00cen mai pu\u021bin de 14 ani de func\u021bionare, Universitatea de Tehnologie din Cipru (CTU) a reu\u0219it s\u0103 fie inclus\u0103 \u00een cele trei cele mai importante \u0219i renumite liste de clasare: Times Higher Education, QS \u0219i Shanghai, ocup\u00e2nd pozi\u021bii \u00eenalte.<\/p>\n<p>Mai exact, \u00een Times Higher Education World University Rankings, TPC este clasat printre primele 301-350 de universit\u0103\u021bi din lume \u0219i pe primul loc printre universit\u0103\u021bile din Cipru \u0219i Grecia, \u00een anii 2020, 2019 \u0219i 2018.<\/td>\n<\/tr>\n<\/tbody>\n<\/table>\n<table border=\"0\">\n<tbody>\n<tr>\n<td style=\"text-align: center;\" rowspan=\"2\" width=\"20%\"><img loading=\"lazy\" decoding=\"async\" class=\"alignnone size-full wp-image-3112\" src=\"https:\/\/iene11.eu\/wp-content\/uploads\/2022\/07\/Logo-ual.gif\" alt=\"\" width=\"150\" height=\"98\" \/><\/td>\n<td style=\"text-align: center;\" bgcolor=\"#d8b446\">\n<h4><strong>UNIVERSITY OF ALMERIA, SPAIN<\/strong><\/h4>\n<h4><a href=\"http:\/\/www.ual.es\" target=\"_blank\" rel=\"noopener\">www.ual.es<\/a><\/h4>\n<\/td>\n<\/tr>\n<tr>\n<td width=\"80%\">Universitatea din Almeria (UAL) a fost fondat\u0103 \u00een 1993. Ast\u0103zi are peste 12000 de studen\u021bi, inclusiv 600 de doctoranzi. \u00cen ciuda cre\u0103rii recente, UAL are o infrastructur\u0103 modern\u0103, o bibliotec\u0103 minunat\u0103, laboratoare de ultim\u0103 genera\u021bie, cantine&#8230;<\/p>\n<p>Scopul nostru principal este de a ne adapta serviciile la noile cerin\u021be ale societ\u0103\u021bii noastre pentru a atinge obiectivele de calitate \u0219i eficien\u021b\u0103 \u00een predare, cercetare \u0219i management.<\/td>\n<\/tr>\n<\/tbody>\n<\/table>\n<table border=\"0\">\n<tbody>\n<tr>\n<td style=\"text-align: center;\" rowspan=\"2\" width=\"20%\"><img loading=\"lazy\" decoding=\"async\" class=\"alignnone size-full wp-image-3113\" src=\"https:\/\/iene11.eu\/wp-content\/uploads\/2022\/07\/Logo-Univ-Atena.png\" alt=\"\" width=\"200\" height=\"46\" \/><\/td>\n<td style=\"text-align: center;\" bgcolor=\"#d8b446\">\n<h4><strong>National and Kapodistrian University of Athens, Greece<\/strong><\/h4>\n<p><a href=\"http:\/\/www.uoa.gr\">www.uoa.gr<\/a><\/td>\n<\/tr>\n<tr>\n<td width=\"80%\">Ideea \u00eenfiin\u021b\u0103rii unei Universit\u0103\u021bi \u00een Grecia, existent\u0103 \u00eenc\u0103 din vremea Luptei pentru Independen\u021b\u0103, a fost realizat\u0103 la 14 aprilie 1837 odat\u0103 cu emiterea decretului \u201eCu privire la \u00eenfiin\u021barea Universit\u0103\u021bii\u201d, care a dus la \u00eenfiin\u021barea \u0219i func\u021bionarea Universit\u0103\u021bii din Atena. Este prima universitate nu numai a statului grec, ci \u0219i din \u00a0\u00eentreaga Peninsula Balcanica \u00a0\u0219i \u00a0din regiunea mai extinsa din estul Mediteranei.<\/td>\n<\/tr>\n<\/tbody>\n<\/table>\n","protected":false},"excerpt":{"rendered":"<p>COORDINATOR EDUNET ORGANIZATION , CRAIOVA, ROMANIA www.edu-net.ro EDUNET este o organiza\u021bie non-profit care ofer\u0103 servicii \u0219i resurse pentru promovarea educa\u021biei pe tot parcursul vie\u021bii, pentru sus\u021binerea educa\u021biei profesionale, a cet\u0103\u021beniei active \u0219i a dezvolt\u0103rii de durat\u0103. EDUNET este furnizor autorizat de calificare \u0219i formare profesional\u0103 a adul\u021bilor \u0219i are dou\u0103 \u0219coli profesionale de calificare ini\u021bial\u0103 a asisten\u021bilor medicali.. PARTNERS CYPRUS UNIVERSITY OF TECHNOLOGY, LIMASSOL, CYPRUS www.cut.ac.cy Un parametru important al recunoa\u0219terii interna\u021bionale pe care o prime\u0219te Universitatea este clasamentul interna\u021bional al universit\u0103\u021bilor. \u00cen mai pu\u021bin de 14 ani de func\u021bionare, Universitatea de Tehnologie din Cipru (CTU) a reu\u0219it s\u0103 fie [&hellip;]<\/p>\n","protected":false},"author":1,"featured_media":0,"parent":69,"menu_order":2,"comment_status":"closed","ping_status":"closed","template":"template-fullwidth.php","meta":{"footnotes":""},"class_list":["post-17","page","type-page","status-publish","hentry"],"translation":{"provider":"WPGlobus","version":"2.12.2","language":"ro","enabled_languages":["en","es","el","ro"],"languages":{"en":{"title":true,"content":true,"excerpt":false},"es":{"title":true,"content":true,"excerpt":false},"el":{"title":true,"content":true,"excerpt":false},"ro":{"title":true,"content":true,"excerpt":false}}},"yoast_head":"<!-- This site is optimized with the Yoast SEO plugin v21.1 - https:\/\/yoast.com\/wordpress\/plugins\/seo\/ -->\n<title>Partenerii -<\/title>\n<meta name=\"robots\" content=\"index, follow, max-snippet:-1, max-image-preview:large, max-video-preview:-1\" \/>\n<link rel=\"canonical\" href=\"https:\/\/iene11.eu\/el\/project\/partners\/\" \/>\n<meta property=\"og:locale\" content=\"ro_RO\" \/>\n<meta property=\"og:type\" content=\"article\" \/>\n<meta property=\"og:title\" content=\"Partenerii -\" \/>\n<meta property=\"og:url\" content=\"https:\/\/iene11.eu\/el\/project\/partners\/\" \/>\n<meta property=\"article:modified_time\" content=\"2023-08-29T16:32:35+00:00\" \/>\n<meta property=\"og:image\" content=\"https:\/\/iene11.eu\/wp-content\/uploads\/2022\/07\/sigla_edunet_png-e1658244513676.png\" \/>\n<meta name=\"twitter:card\" content=\"summary_large_image\" \/>\n<meta name=\"twitter:label1\" content=\"Est. reading time\" \/>\n\t<meta name=\"twitter:data1\" content=\"5 minutes\" \/>\n<script type=\"application\/ld+json\" class=\"yoast-schema-graph\">{\"@context\":\"https:\/\/schema.org\",\"@graph\":[{\"@type\":\"WebPage\",\"@id\":\"https:\/\/iene11.eu\/el\/project\/partners\/\",\"url\":\"https:\/\/iene11.eu\/el\/project\/partners\/\",\"name\":\"Partenerii -\",\"isPartOf\":{\"@id\":\"https:\/\/iene11.eu\/#website\"},\"datePublished\":\"2022-07-04T08:21:54+00:00\",\"dateModified\":\"2023-08-29T16:32:35+00:00\",\"breadcrumb\":{\"@id\":\"https:\/\/iene11.eu\/el\/project\/partners\/#breadcrumb\"},\"inLanguage\":\"ro-RO\",\"potentialAction\":[{\"@type\":\"ReadAction\",\"target\":[\"https:\/\/iene11.eu\/el\/project\/partners\/\"]}]},{\"@type\":\"BreadcrumbList\",\"@id\":\"https:\/\/iene11.eu\/el\/project\/partners\/#breadcrumb\",\"itemListElement\":[{\"@type\":\"ListItem\",\"position\":1,\"name\":\"Home\",\"item\":\"https:\/\/iene11.eu\/\"},{\"@type\":\"ListItem\",\"position\":2,\"name\":\"IENE11 Project\",\"item\":\"https:\/\/iene11.eu\/project\/\"},{\"@type\":\"ListItem\",\"position\":3,\"name\":\"\u03a3\u03c5\u03bd\u03b5\u03c1\u03b3\u03ac\u03c4\u03b5\u03c2\"}]},{\"@type\":\"WebSite\",\"@id\":\"https:\/\/iene11.eu\/#website\",\"url\":\"https:\/\/iene11.eu\/\",\"name\":\"\",\"description\":\"Empowering nurses and healthcare professionals to promote vaccination and tackle vaccine hesitancy\",\"potentialAction\":[{\"@type\":\"SearchAction\",\"target\":{\"@type\":\"EntryPoint\",\"urlTemplate\":\"https:\/\/iene11.eu\/?s={search_term_string}\"},\"query-input\":\"required name=search_term_string\"}],\"inLanguage\":\"ro-RO\"}]}<\/script>\n<!-- \/ Yoast SEO plugin. -->","yoast_head_json":{"title":"Partenerii -","robots":{"index":"index","follow":"follow","max-snippet":"max-snippet:-1","max-image-preview":"max-image-preview:large","max-video-preview":"max-video-preview:-1"},"canonical":"https:\/\/iene11.eu\/el\/project\/partners\/","og_locale":"ro_RO","og_type":"article","og_title":"Partenerii -","og_url":"https:\/\/iene11.eu\/el\/project\/partners\/","article_modified_time":"2023-08-29T16:32:35+00:00","og_image":[{"url":"https:\/\/iene11.eu\/wp-content\/uploads\/2022\/07\/sigla_edunet_png-e1658244513676.png"}],"twitter_card":"summary_large_image","twitter_misc":{"Est. reading time":"5 minutes"},"schema":{"@context":"https:\/\/schema.org","@graph":[{"@type":"WebPage","@id":"https:\/\/iene11.eu\/el\/project\/partners\/","url":"https:\/\/iene11.eu\/el\/project\/partners\/","name":"Partenerii -","isPartOf":{"@id":"https:\/\/iene11.eu\/#website"},"datePublished":"2022-07-04T08:21:54+00:00","dateModified":"2023-08-29T16:32:35+00:00","breadcrumb":{"@id":"https:\/\/iene11.eu\/el\/project\/partners\/#breadcrumb"},"inLanguage":"ro-RO","potentialAction":[{"@type":"ReadAction","target":["https:\/\/iene11.eu\/el\/project\/partners\/"]}]},{"@type":"BreadcrumbList","@id":"https:\/\/iene11.eu\/el\/project\/partners\/#breadcrumb","itemListElement":[{"@type":"ListItem","position":1,"name":"Home","item":"https:\/\/iene11.eu\/"},{"@type":"ListItem","position":2,"name":"IENE11 Project","item":"https:\/\/iene11.eu\/project\/"},{"@type":"ListItem","position":3,"name":"\u03a3\u03c5\u03bd\u03b5\u03c1\u03b3\u03ac\u03c4\u03b5\u03c2"}]},{"@type":"WebSite","@id":"https:\/\/iene11.eu\/#website","url":"https:\/\/iene11.eu\/","name":"","description":"Empowering nurses and healthcare professionals to promote vaccination and tackle vaccine hesitancy","potentialAction":[{"@type":"SearchAction","target":{"@type":"EntryPoint","urlTemplate":"https:\/\/iene11.eu\/?s={search_term_string}"},"query-input":"required name=search_term_string"}],"inLanguage":"ro-RO"}]}},"_links":{"self":[{"href":"https:\/\/iene11.eu\/ro\/wp-json\/wp\/v2\/pages\/17","targetHints":{"allow":["GET"]}}],"collection":[{"href":"https:\/\/iene11.eu\/ro\/wp-json\/wp\/v2\/pages"}],"about":[{"href":"https:\/\/iene11.eu\/ro\/wp-json\/wp\/v2\/types\/page"}],"author":[{"embeddable":true,"href":"https:\/\/iene11.eu\/ro\/wp-json\/wp\/v2\/users\/1"}],"replies":[{"embeddable":true,"href":"https:\/\/iene11.eu\/ro\/wp-json\/wp\/v2\/comments?post=17"}],"version-history":[{"count":25,"href":"https:\/\/iene11.eu\/ro\/wp-json\/wp\/v2\/pages\/17\/revisions"}],"predecessor-version":[{"id":6904,"href":"https:\/\/iene11.eu\/ro\/wp-json\/wp\/v2\/pages\/17\/revisions\/6904"}],"up":[{"embeddable":true,"href":"https:\/\/iene11.eu\/ro\/wp-json\/wp\/v2\/pages\/69"}],"wp:attachment":[{"href":"https:\/\/iene11.eu\/ro\/wp-json\/wp\/v2\/media?parent=17"}],"curies":[{"name":"wp","href":"https:\/\/api.w.org\/{rel}","templated":true}]}}