{"id":1811,"date":"2022-07-07T21:49:52","date_gmt":"2022-07-07T21:49:52","guid":{"rendered":"https:\/\/iene7.eu\/?page_id=1811"},"modified":"2023-12-28T18:53:23","modified_gmt":"2023-12-28T18:53:23","slug":"contact","status":"publish","type":"page","link":"https:\/\/iene11.eu\/ro\/contact\/","title":{"rendered":"Contact"},"content":{"rendered":"<table style=\"height: 745px;\" width=\"983\">\n<tbody>\n<tr>\n<td width=\"213\">Acest site web a fost creat \u00een cadrul proiectului IENE 11 Erasmus + VET Strategic Partnership cu sprijinul financiar al Uniunii Europene.<br \/>\nToate contribu\u021biile la con\u021binut ale echipei IENE11 din toate \u021b\u0103rile partenere.<br \/>\n\u00cen toate scopurile legale, editorul acestui site este:<br \/>\nORGANIZARE EDUNET<br \/>\nCoordonatorul site-ului:<\/td>\n<td width=\"213\">\n<h2>Formular de Contact<\/h2>\n<p>V\u0103 rug\u0103m s\u0103 acorda\u021bi un minut \u0219i s\u0103 ne spune\u021bi p\u0103rerile dvs. complet\u00e2nd formularul de mai jos.<\/p>\n<form action=\"mailto: VDUDAU@YAHOO.FR\" enctype=\"text\/plain\" method=\"post\">Nume:<br \/>\n<input name=\"name\" size=\"35\" type=\"text\" \/>E-mail:<br \/>\n<input name=\"mail\" size=\"35\" type=\"text\" \/>Mesaj:<br \/>\n<textarea cols=\"30\" name=\"Text1\" rows=\"5\"><\/textarea><\/p>\n<p><input type=\"submit\" value=\"Send\" \/><\/p>\n<\/form>\n<\/td>\n<td width=\"213\">\n<h3><strong><span style=\"color: #0000ff;\">ECHIPA IENE11\u00a0<\/span> <\/strong><\/h3>\n<p><img loading=\"lazy\" decoding=\"async\" class=\"size-medium wp-image-6731 aligncenter\" src=\"https:\/\/iene11.eu\/wp-content\/uploads\/2023\/07\/Facilitators-300x191.jpg\" alt=\"\" width=\"300\" height=\"191\" srcset=\"https:\/\/iene11.eu\/wp-content\/uploads\/2023\/07\/Facilitators-300x191.jpg 300w, https:\/\/iene11.eu\/wp-content\/uploads\/2023\/07\/Facilitators.jpg 361w\" sizes=\"auto, (max-width: 300px) 100vw, 300px\" \/><\/p>\n<h3><strong>EDUNET Organisation, Craiova, Romania<\/strong><\/h3>\n<ol>\n<li>Victor Dudau<\/li>\n<li>Liliana Nica<\/li>\n<\/ol>\n<p><strong>CYPRUS UNIVERSITY OF TECHNOLOGY, LIMASSOL, CYPRUS<\/strong><\/p>\n<ol>\n<li>Christiana Kouta<\/li>\n<li>Elena Rousou<\/li>\n<li>Panagiota Ellina<\/li>\n<li>Elena Nikolaidou<\/li>\n<li>Paraskevi Charitou<\/li>\n<\/ol>\n<p><strong>UNIVERSITY OF ALMERIA, SPAIN<\/strong><\/p>\n<ol>\n<li>Patricia Rocamora<\/li>\n<li>Reme L\u00f3pez<\/li>\n<\/ol>\n<p><strong>National and Kapodistrian University of Athens, Greece<\/strong><\/p>\n<ol>\n<li>Athena Kalokairinou<\/li>\n<li>Paraskevi Apostolara<\/li>\n<li>Venetia Velonaki<\/li>\n<li>Anna Kardari<\/li>\n<\/ol>\n<\/td>\n<\/tr>\n<\/tbody>\n<\/table>\n","protected":false},"excerpt":{"rendered":"<p>Acest site web a fost creat \u00een cadrul proiectului IENE 11 Erasmus + VET Strategic Partnership cu sprijinul financiar al Uniunii Europene. Toate contribu\u021biile la con\u021binut ale echipei IENE11 din toate \u021b\u0103rile partenere. \u00cen toate scopurile legale, editorul acestui site este: ORGANIZARE EDUNET Coordonatorul site-ului: Formular de Contact V\u0103 rug\u0103m s\u0103 acorda\u021bi un minut \u0219i s\u0103 ne spune\u021bi p\u0103rerile dvs. complet\u00e2nd formularul de mai jos. Nume: E-mail: Mesaj: ECHIPA IENE11\u00a0 EDUNET Organisation, Craiova, Romania Victor Dudau Liliana Nica CYPRUS UNIVERSITY OF TECHNOLOGY, LIMASSOL, CYPRUS Christiana Kouta Elena Rousou Panagiota Ellina Elena Nikolaidou Paraskevi Charitou UNIVERSITY OF ALMERIA, SPAIN Patricia Rocamora [&hellip;]<\/p>\n","protected":false},"author":1,"featured_media":0,"parent":0,"menu_order":16,"comment_status":"closed","ping_status":"closed","template":"template-fullwidth.php","meta":{"footnotes":""},"class_list":["post-1811","page","type-page","status-publish","hentry"],"translation":{"provider":"WPGlobus","version":"2.12.2","language":"ro","enabled_languages":["en","es","el","ro"],"languages":{"en":{"title":true,"content":true,"excerpt":false},"es":{"title":true,"content":true,"excerpt":false},"el":{"title":false,"content":true,"excerpt":false},"ro":{"title":false,"content":true,"excerpt":false}}},"yoast_head":"<!-- This site is optimized with the Yoast SEO plugin v21.1 - https:\/\/yoast.com\/wordpress\/plugins\/seo\/ -->\n<title>-<\/title>\n<meta name=\"robots\" content=\"index, follow, max-snippet:-1, max-image-preview:large, max-video-preview:-1\" \/>\n<link rel=\"canonical\" href=\"https:\/\/iene11.eu\/contact\/\" \/>\n<meta property=\"og:locale\" content=\"ro_RO\" \/>\n<meta property=\"og:type\" content=\"article\" \/>\n<meta property=\"og:title\" content=\"-\" \/>\n<meta property=\"og:url\" content=\"https:\/\/iene11.eu\/contact\/\" \/>\n<meta property=\"article:modified_time\" content=\"2023-12-28T18:53:23+00:00\" \/>\n<meta property=\"og:image\" content=\"https:\/\/iene11.eu\/wp-content\/uploads\/2023\/07\/Facilitators-300x191.jpg\" \/>\n<meta name=\"twitter:card\" content=\"summary_large_image\" \/>\n<meta name=\"twitter:label1\" content=\"Est. reading time\" \/>\n\t<meta name=\"twitter:data1\" content=\"1 minute\" \/>\n<script type=\"application\/ld+json\" class=\"yoast-schema-graph\">{\"@context\":\"https:\/\/schema.org\",\"@graph\":[{\"@type\":\"WebPage\",\"@id\":\"https:\/\/iene11.eu\/contact\/\",\"url\":\"https:\/\/iene11.eu\/contact\/\",\"name\":\"-\",\"isPartOf\":{\"@id\":\"https:\/\/iene11.eu\/#website\"},\"datePublished\":\"2022-07-07T21:49:52+00:00\",\"dateModified\":\"2023-12-28T18:53:23+00:00\",\"breadcrumb\":{\"@id\":\"https:\/\/iene11.eu\/contact\/#breadcrumb\"},\"inLanguage\":\"ro-RO\",\"potentialAction\":[{\"@type\":\"ReadAction\",\"target\":[\"https:\/\/iene11.eu\/contact\/\"]}]},{\"@type\":\"BreadcrumbList\",\"@id\":\"https:\/\/iene11.eu\/contact\/#breadcrumb\",\"itemListElement\":[{\"@type\":\"ListItem\",\"position\":1,\"name\":\"Home\",\"item\":\"https:\/\/iene11.eu\/\"},{\"@type\":\"ListItem\",\"position\":2,\"name\":\"Contact\"}]},{\"@type\":\"WebSite\",\"@id\":\"https:\/\/iene11.eu\/#website\",\"url\":\"https:\/\/iene11.eu\/\",\"name\":\"\",\"description\":\"Empowering nurses and healthcare professionals to promote vaccination and tackle vaccine hesitancy\",\"potentialAction\":[{\"@type\":\"SearchAction\",\"target\":{\"@type\":\"EntryPoint\",\"urlTemplate\":\"https:\/\/iene11.eu\/?s={search_term_string}\"},\"query-input\":\"required name=search_term_string\"}],\"inLanguage\":\"ro-RO\"}]}<\/script>\n<!-- \/ Yoast SEO plugin. -->","yoast_head_json":{"title":"-","robots":{"index":"index","follow":"follow","max-snippet":"max-snippet:-1","max-image-preview":"max-image-preview:large","max-video-preview":"max-video-preview:-1"},"canonical":"https:\/\/iene11.eu\/contact\/","og_locale":"ro_RO","og_type":"article","og_title":"-","og_url":"https:\/\/iene11.eu\/contact\/","article_modified_time":"2023-12-28T18:53:23+00:00","og_image":[{"url":"https:\/\/iene11.eu\/wp-content\/uploads\/2023\/07\/Facilitators-300x191.jpg"}],"twitter_card":"summary_large_image","twitter_misc":{"Est. reading time":"1 minute"},"schema":{"@context":"https:\/\/schema.org","@graph":[{"@type":"WebPage","@id":"https:\/\/iene11.eu\/contact\/","url":"https:\/\/iene11.eu\/contact\/","name":"-","isPartOf":{"@id":"https:\/\/iene11.eu\/#website"},"datePublished":"2022-07-07T21:49:52+00:00","dateModified":"2023-12-28T18:53:23+00:00","breadcrumb":{"@id":"https:\/\/iene11.eu\/contact\/#breadcrumb"},"inLanguage":"ro-RO","potentialAction":[{"@type":"ReadAction","target":["https:\/\/iene11.eu\/contact\/"]}]},{"@type":"BreadcrumbList","@id":"https:\/\/iene11.eu\/contact\/#breadcrumb","itemListElement":[{"@type":"ListItem","position":1,"name":"Home","item":"https:\/\/iene11.eu\/"},{"@type":"ListItem","position":2,"name":"Contact"}]},{"@type":"WebSite","@id":"https:\/\/iene11.eu\/#website","url":"https:\/\/iene11.eu\/","name":"","description":"Empowering nurses and healthcare professionals to promote vaccination and tackle vaccine hesitancy","potentialAction":[{"@type":"SearchAction","target":{"@type":"EntryPoint","urlTemplate":"https:\/\/iene11.eu\/?s={search_term_string}"},"query-input":"required name=search_term_string"}],"inLanguage":"ro-RO"}]}},"_links":{"self":[{"href":"https:\/\/iene11.eu\/ro\/wp-json\/wp\/v2\/pages\/1811","targetHints":{"allow":["GET"]}}],"collection":[{"href":"https:\/\/iene11.eu\/ro\/wp-json\/wp\/v2\/pages"}],"about":[{"href":"https:\/\/iene11.eu\/ro\/wp-json\/wp\/v2\/types\/page"}],"author":[{"embeddable":true,"href":"https:\/\/iene11.eu\/ro\/wp-json\/wp\/v2\/users\/1"}],"replies":[{"embeddable":true,"href":"https:\/\/iene11.eu\/ro\/wp-json\/wp\/v2\/comments?post=1811"}],"version-history":[{"count":15,"href":"https:\/\/iene11.eu\/ro\/wp-json\/wp\/v2\/pages\/1811\/revisions"}],"predecessor-version":[{"id":6971,"href":"https:\/\/iene11.eu\/ro\/wp-json\/wp\/v2\/pages\/1811\/revisions\/6971"}],"wp:attachment":[{"href":"https:\/\/iene11.eu\/ro\/wp-json\/wp\/v2\/media?parent=1811"}],"curies":[{"name":"wp","href":"https:\/\/api.w.org\/{rel}","templated":true}]}}