{"id":6179,"date":"2022-08-12T15:05:00","date_gmt":"2022-08-12T15:05:00","guid":{"rendered":"https:\/\/iene11.eu\/?page_id=6179"},"modified":"2023-08-29T17:22:10","modified_gmt":"2023-08-29T17:22:10","slug":"training-curriculum","status":"publish","type":"page","link":"https:\/\/iene11.eu\/ro\/training-curriculum\/","title":{"rendered":"Curriculum"},"content":{"rendered":"<h1 style=\"text-align: left;\"><strong>IENE 11- PROVAC Modelul\u00a0 de instruire<\/strong><\/h1>\n<p><img loading=\"lazy\" decoding=\"async\" class=\"wp-image-6781 aligncenter\" src=\"https:\/\/iene11.eu\/wp-content\/uploads\/2023\/07\/Curriculum-RO-2-300x177.png\" alt=\"\" width=\"1267\" height=\"747\" srcset=\"https:\/\/iene11.eu\/wp-content\/uploads\/2023\/07\/Curriculum-RO-2-300x177.png 300w, https:\/\/iene11.eu\/wp-content\/uploads\/2023\/07\/Curriculum-RO-2-768x452.png 768w, https:\/\/iene11.eu\/wp-content\/uploads\/2023\/07\/Curriculum-RO-2-624x367.png 624w, https:\/\/iene11.eu\/wp-content\/uploads\/2023\/07\/Curriculum-RO-2.png 868w\" sizes=\"auto, (max-width: 1267px) 100vw, 1267px\" \/><\/p>\n<p style=\"text-align: center;\">Modelul de instruire IENE11 se bazeaz\u0103 pe Modelul PTT\/IENE dezvoltat \u00een cadrul proiectelor IENE.<\/p>\n<p>Fiecare modul al Modelului de instruire cuprinde patru subconstructuri care reprezint\u0103 harta de con\u021binut.<\/p>\n<p>Elaborarea temelor a fost stabilit\u0103 \u00een studiul Delphi \u0219i s-a bazat pe recenziile literaturii interna\u021bionale \u0219i na\u021bionale ale partenerilor pe patru domenii tematice: a) Politici, strategii \u0219i legisla\u021bie referitoare la programele de vaccinare \u0219i imunizare b) Informa\u021bii despre vaccin \u0219i vaccinare, c ) Comportament \u0219i atitudini fa\u021b\u0103 de vaccinare, d) Interven\u021bii pentru promovarea vaccin\u0103rii \u0219i combaterea ezit\u0103rii la vaccin (Rezultat 1).<\/p>\n<p>Desc\u0103rca\u021bi modelul de instruire \u00een <a href=\"https:\/\/iene11.eu\/wp-content\/uploads\/2022\/11\/IENE11_Result-no.-2.1-Competence-Framework_English.pdf\"><em>Engleza<\/em><\/a><em>,<\/em><a href=\"https:\/\/iene11.eu\/wp-content\/uploads\/2022\/11\/IENE11_Result-no.-2.1-Competence-Framework_Romanian.pdf\"><em> Romana<\/em><\/a><em>, <\/em><a href=\"https:\/\/iene11.eu\/wp-content\/uploads\/2022\/11\/IENE11_Result-no.-2.1-Competence-Framework_Greek.pdf\"><em>Greaca<\/em><\/a><em> si <\/em><a href=\"https:\/\/iene11.eu\/wp-content\/uploads\/2022\/11\/IENE11_Result-no.-2.1-Competence-Framework_Spanish.pdf\"><em>Spaniola<\/em><\/a><em>.<\/em><\/p>\n<p>&nbsp;<\/p>\n<h1 style=\"text-align: left;\"><strong>Curriculumul de formare<\/strong><\/h1>\n<p>&nbsp;<\/p>\n<p>Curriculumul se adreseaz\u0103 \u00een primul r\u00e2nd asisten\u021bilor medicali \u0219i medicilor implica\u021bi \u00een administrarea vaccin\u0103rii, asisten\u021bilor \u0219i medicilor \u0219colari, asisten\u021bilor comunitari, vizitatorilor din domeniul s\u0103n\u0103t\u0103\u021bii, dar \u0219i mediatorilor sanitari \u0219i altor profesioni\u0219ti din domeniul s\u0103n\u0103t\u0103\u021bii care lucreaz\u0103 cu persoane defavorizate \u0219i grupuri vulnerabile sau alte grupuri greu accesibile. Curiculum\u00a0 isi propune sa imbunatateasca cuno\u0219tin\u021bele lor, abilit\u0103\u021bile de comunicare, competen\u021bele culturale \u0219i sociale \u0219i s\u0103 ii \u00eemputerniceasc\u0103 pentru promovarea vaccin\u0103rii \u0219i combaterea ezit\u0103rii la vaccin.<\/p>\n<p>Curriculum-ul este compus din patru <strong>Module de \u00eenv\u0103\u021bare<\/strong> urm\u00e2nd cele patru constructe ale Modelului PTT\/IENE \u0219i conceptual PTT\/IENE11 de mai sus.<\/p>\n<ol>\n<li>Con\u0219tientizarea cultural\u0103<\/li>\n<li>Cuno\u0219tin\u021be culturale<\/li>\n<li>Sensibilitate cultural\u0103<\/li>\n<li>Competen\u021ba cultural\u0103<\/li>\n<\/ol>\n<p>Desc\u0103rca\u021bi Curriculumul de formare \u00een <a href=\"https:\/\/iene11.eu\/wp-content\/uploads\/2022\/11\/IENE11_Result-no.-2.2.-Training-Curiculum-Model_English.pdf\"><em>Engleza<\/em><\/a><em>, <\/em><a href=\"https:\/\/iene11.eu\/wp-content\/uploads\/2022\/11\/IENE11_Result-no.-2.2.-Training-Curiculum-Model_Romanian.pdf\"><em>Romana<\/em><\/a><em>, <\/em><a href=\"https:\/\/iene11.eu\/wp-content\/uploads\/2022\/11\/IENE11_Result-no.-2.2.-Training-Curiculum-Model_Greek.pdf\"><em>Greaca<\/em><\/a><em> \u00a0si <\/em><a href=\"https:\/\/iene11.eu\/wp-content\/uploads\/2022\/11\/IENE11_Result-no.-2.2.-Training-Curiculum-Model_Spanish.pdf\"><em>Spaniola<\/em><\/a>.<\/p>\n","protected":false},"excerpt":{"rendered":"<p>IENE 11- PROVAC Modelul\u00a0 de instruire Modelul de instruire IENE11 se bazeaz\u0103 pe Modelul PTT\/IENE dezvoltat \u00een cadrul proiectelor IENE. Fiecare modul al Modelului de instruire cuprinde patru subconstructuri care reprezint\u0103 harta de con\u021binut. Elaborarea temelor a fost stabilit\u0103 \u00een studiul Delphi \u0219i s-a bazat pe recenziile literaturii interna\u021bionale \u0219i na\u021bionale ale partenerilor pe patru domenii tematice: a) Politici, strategii \u0219i legisla\u021bie referitoare la programele de vaccinare \u0219i imunizare b) Informa\u021bii despre vaccin \u0219i vaccinare, c ) Comportament \u0219i atitudini fa\u021b\u0103 de vaccinare, d) Interven\u021bii pentru promovarea vaccin\u0103rii \u0219i combaterea ezit\u0103rii la vaccin (Rezultat 1). Desc\u0103rca\u021bi modelul de instruire \u00een [&hellip;]<\/p>\n","protected":false},"author":1,"featured_media":0,"parent":0,"menu_order":0,"comment_status":"closed","ping_status":"closed","template":"template-fullwidth.php","meta":{"footnotes":""},"class_list":["post-6179","page","type-page","status-publish","hentry"],"translation":{"provider":"WPGlobus","version":"2.12.2","language":"ro","enabled_languages":["en","es","el","ro"],"languages":{"en":{"title":true,"content":true,"excerpt":false},"es":{"title":false,"content":true,"excerpt":false},"el":{"title":false,"content":true,"excerpt":false},"ro":{"title":true,"content":true,"excerpt":false}}},"yoast_head":"<!-- This site is optimized with the Yoast SEO plugin v21.1 - https:\/\/yoast.com\/wordpress\/plugins\/seo\/ -->\n<title>Curriculum -<\/title>\n<meta name=\"robots\" content=\"index, follow, max-snippet:-1, max-image-preview:large, max-video-preview:-1\" \/>\n<link rel=\"canonical\" href=\"https:\/\/iene11.eu\/ro\/training-curriculum\/\" \/>\n<meta property=\"og:locale\" content=\"ro_RO\" \/>\n<meta property=\"og:type\" content=\"article\" \/>\n<meta property=\"og:title\" content=\"Curriculum -\" \/>\n<meta property=\"og:url\" content=\"https:\/\/iene11.eu\/ro\/training-curriculum\/\" \/>\n<meta property=\"article:modified_time\" content=\"2023-08-29T17:22:10+00:00\" \/>\n<meta property=\"og:image\" content=\"https:\/\/iene11.eu\/wp-content\/uploads\/2022\/10\/model-IENE-11-final.jpg\" \/>\n<meta name=\"twitter:card\" content=\"summary_large_image\" \/>\n<meta name=\"twitter:label1\" content=\"Est. reading time\" \/>\n\t<meta name=\"twitter:data1\" content=\"4 minutes\" \/>\n<script type=\"application\/ld+json\" class=\"yoast-schema-graph\">{\"@context\":\"https:\/\/schema.org\",\"@graph\":[{\"@type\":\"WebPage\",\"@id\":\"https:\/\/iene11.eu\/ro\/training-curriculum\/\",\"url\":\"https:\/\/iene11.eu\/ro\/training-curriculum\/\",\"name\":\"Curriculum -\",\"isPartOf\":{\"@id\":\"https:\/\/iene11.eu\/#website\"},\"datePublished\":\"2022-08-12T15:05:00+00:00\",\"dateModified\":\"2023-08-29T17:22:10+00:00\",\"breadcrumb\":{\"@id\":\"https:\/\/iene11.eu\/ro\/training-curriculum\/#breadcrumb\"},\"inLanguage\":\"ro-RO\",\"potentialAction\":[{\"@type\":\"ReadAction\",\"target\":[\"https:\/\/iene11.eu\/ro\/training-curriculum\/\"]}]},{\"@type\":\"BreadcrumbList\",\"@id\":\"https:\/\/iene11.eu\/ro\/training-curriculum\/#breadcrumb\",\"itemListElement\":[{\"@type\":\"ListItem\",\"position\":1,\"name\":\"Home\",\"item\":\"https:\/\/iene11.eu\/\"},{\"@type\":\"ListItem\",\"position\":2,\"name\":\"Curriculum\"}]},{\"@type\":\"WebSite\",\"@id\":\"https:\/\/iene11.eu\/#website\",\"url\":\"https:\/\/iene11.eu\/\",\"name\":\"\",\"description\":\"Empowering nurses and healthcare professionals to promote vaccination and tackle vaccine hesitancy\",\"potentialAction\":[{\"@type\":\"SearchAction\",\"target\":{\"@type\":\"EntryPoint\",\"urlTemplate\":\"https:\/\/iene11.eu\/?s={search_term_string}\"},\"query-input\":\"required name=search_term_string\"}],\"inLanguage\":\"ro-RO\"}]}<\/script>\n<!-- \/ Yoast SEO plugin. -->","yoast_head_json":{"title":"Curriculum -","robots":{"index":"index","follow":"follow","max-snippet":"max-snippet:-1","max-image-preview":"max-image-preview:large","max-video-preview":"max-video-preview:-1"},"canonical":"https:\/\/iene11.eu\/ro\/training-curriculum\/","og_locale":"ro_RO","og_type":"article","og_title":"Curriculum -","og_url":"https:\/\/iene11.eu\/ro\/training-curriculum\/","article_modified_time":"2023-08-29T17:22:10+00:00","og_image":[{"url":"https:\/\/iene11.eu\/wp-content\/uploads\/2022\/10\/model-IENE-11-final.jpg"}],"twitter_card":"summary_large_image","twitter_misc":{"Est. reading time":"4 minutes"},"schema":{"@context":"https:\/\/schema.org","@graph":[{"@type":"WebPage","@id":"https:\/\/iene11.eu\/ro\/training-curriculum\/","url":"https:\/\/iene11.eu\/ro\/training-curriculum\/","name":"Curriculum -","isPartOf":{"@id":"https:\/\/iene11.eu\/#website"},"datePublished":"2022-08-12T15:05:00+00:00","dateModified":"2023-08-29T17:22:10+00:00","breadcrumb":{"@id":"https:\/\/iene11.eu\/ro\/training-curriculum\/#breadcrumb"},"inLanguage":"ro-RO","potentialAction":[{"@type":"ReadAction","target":["https:\/\/iene11.eu\/ro\/training-curriculum\/"]}]},{"@type":"BreadcrumbList","@id":"https:\/\/iene11.eu\/ro\/training-curriculum\/#breadcrumb","itemListElement":[{"@type":"ListItem","position":1,"name":"Home","item":"https:\/\/iene11.eu\/"},{"@type":"ListItem","position":2,"name":"Curriculum"}]},{"@type":"WebSite","@id":"https:\/\/iene11.eu\/#website","url":"https:\/\/iene11.eu\/","name":"","description":"Empowering nurses and healthcare professionals to promote vaccination and tackle vaccine hesitancy","potentialAction":[{"@type":"SearchAction","target":{"@type":"EntryPoint","urlTemplate":"https:\/\/iene11.eu\/?s={search_term_string}"},"query-input":"required name=search_term_string"}],"inLanguage":"ro-RO"}]}},"_links":{"self":[{"href":"https:\/\/iene11.eu\/ro\/wp-json\/wp\/v2\/pages\/6179","targetHints":{"allow":["GET"]}}],"collection":[{"href":"https:\/\/iene11.eu\/ro\/wp-json\/wp\/v2\/pages"}],"about":[{"href":"https:\/\/iene11.eu\/ro\/wp-json\/wp\/v2\/types\/page"}],"author":[{"embeddable":true,"href":"https:\/\/iene11.eu\/ro\/wp-json\/wp\/v2\/users\/1"}],"replies":[{"embeddable":true,"href":"https:\/\/iene11.eu\/ro\/wp-json\/wp\/v2\/comments?post=6179"}],"version-history":[{"count":19,"href":"https:\/\/iene11.eu\/ro\/wp-json\/wp\/v2\/pages\/6179\/revisions"}],"predecessor-version":[{"id":6910,"href":"https:\/\/iene11.eu\/ro\/wp-json\/wp\/v2\/pages\/6179\/revisions\/6910"}],"wp:attachment":[{"href":"https:\/\/iene11.eu\/ro\/wp-json\/wp\/v2\/media?parent=6179"}],"curies":[{"name":"wp","href":"https:\/\/api.w.org\/{rel}","templated":true}]}}