{"id":6558,"date":"2023-01-31T20:34:58","date_gmt":"2023-01-31T20:34:58","guid":{"rendered":"https:\/\/iene11.eu\/?page_id=6558"},"modified":"2023-12-28T18:46:49","modified_gmt":"2023-12-28T18:46:49","slug":"mooc","status":"publish","type":"page","link":"https:\/\/iene11.eu\/ro\/mooc\/","title":{"rendered":"MOOC"},"content":{"rendered":"<table style=\"height: 915px;\" width=\"1242\">\n<tbody>\n<tr>\n<td rowspan=\"2\" width=\"319\"><img loading=\"lazy\" decoding=\"async\" class=\"alignnone wp-image-6734\" src=\"https:\/\/iene11.eu\/wp-content\/uploads\/2023\/07\/poster-227x300.png\" alt=\"\" width=\"293\" height=\"387\" srcset=\"https:\/\/iene11.eu\/wp-content\/uploads\/2023\/07\/poster-227x300.png 227w, https:\/\/iene11.eu\/wp-content\/uploads\/2023\/07\/poster.png 523w\" sizes=\"auto, (max-width: 293px) 100vw, 293px\" \/><\/td>\n<td colspan=\"2\" width=\"683\">Cursul online masiv deschis \u201ePromovarea vaccin\u0103rii \u0219i combaterea ezit\u0103rii la vaccin\u201d \u00ee\u0219i propune s\u0103 \u00eembun\u0103t\u0103\u021beasc\u0103 cuno\u0219tin\u021bele, comunicarea, abilit\u0103\u021bile culturale \u0219i sociale ale profesioni\u0219tilor din domeniul s\u0103n\u0103t\u0103\u021bii \u0219i s\u0103 ii \u00eemputerniceasc\u0103 s\u0103 lupte \u00eempotriva dezinformarii, s\u0103 abordeze ezitarea la vaccin \u0219i s\u0103 \u00eembun\u0103t\u0103\u021beasc\u0103 \u00eencrederea \u00een vaccin a persoanelor mai ezitante \u0219i \u00een special a \u00a0grupurilor dezavantaja\u021be.<\/p>\n<p>Cursul se adreseaz\u0103 lucr\u0103torilor din domeniul s\u0103n\u0103t\u0103\u021bii \u0219i din domeniul asisten\u021bei sociale implica\u021bi \u00een administrarea vaccin\u0103rii, asisten\u021bilor medicali sau medicilor, asistentilor medicali \u0219colari sau comunitari, profesorilor \u0219i studen\u021bilor din domeniul sanatatii sau altor profesioni\u0219ti din domeniul s\u0103n\u0103t\u0103\u021bii care doresc s\u0103-\u0219i \u00eembun\u0103t\u0103\u021beasc\u0103 cuno\u0219tin\u021bele \u0219i abilit\u0103\u021bile privind vaccinarea.<\/p>\n<p>Citi\u021bi mai multe despre <strong>Obiectivele cursului, rezultatele \u00eenv\u0103\u021b\u0103rii, procedura cursului, evaluare \u0219i certificate<\/strong> \u00een <a href=\"https:\/\/iene11.eu\/wp-content\/uploads\/2023\/07\/course-information-1.docx\">Engleza<\/a>, <a href=\"https:\/\/iene11.eu\/wp-content\/uploads\/2023\/07\/course-information_Romanian.docx\">Romana<\/a>, <a href=\"https:\/\/iene11.eu\/wp-content\/uploads\/2023\/07\/Course-information-Spanish.docx\">Spaniol\u0103<\/a> \u0219i Greac\u0103.<\/td>\n<\/tr>\n<tr>\n<td width=\"251\">\n<h3><span style=\"color: #3366ff;\">Facilitatorii MOOC IENE 11:<\/span><\/h3>\n<p>Un num\u0103r de 16 facilitatori au fost instrui\u021bi \u00een Limassol, Cipru, pentru a conduce cursurile \u00een cadrul MOOC \u0219i pentru a sprijini participan\u021bii \u00een procesul de \u00eenv\u0103\u021bare.<\/p>\n<p>Desc\u0103rca\u021bi <strong><a href=\"https:\/\/iene11.eu\/wp-content\/uploads\/2023\/07\/IENE-11-Output-4.3.-MOOC-Facilitator-Manual.docx\">Manualul facilitatorului MOOC.<\/a><\/strong><\/td>\n<td width=\"432\"><em>\u00a0<\/em><img loading=\"lazy\" decoding=\"async\" class=\"alignnone wp-image-6731\" src=\"https:\/\/iene11.eu\/wp-content\/uploads\/2023\/07\/Facilitators-300x191.jpg\" alt=\"\" width=\"349\" height=\"222\" srcset=\"https:\/\/iene11.eu\/wp-content\/uploads\/2023\/07\/Facilitators-300x191.jpg 300w, https:\/\/iene11.eu\/wp-content\/uploads\/2023\/07\/Facilitators.jpg 361w\" sizes=\"auto, (max-width: 349px) 100vw, 349px\" \/><\/td>\n<\/tr>\n<tr>\n<td width=\"319\"><\/td>\n<td width=\"251\"><span style=\"color: #3366ff;\">MOOC va fi livrat timp de \u0219ase s\u0103pt\u0103m\u00e2ni, \u00eencep\u00e2nd din 2 octombrie p\u00e2n\u0103 \u00een 10 noiembrie 2023.<\/span><\/p>\n<p><span style=\"color: #3366ff;\">Participan\u021bii care ob\u021bin 75% din totalul de 100 de puncte vor primi o confirmare de participare \u0219i un certificat<\/span><\/td>\n<td width=\"432\">Desc\u0103rca\u021bi <strong>Compendiul activit\u0103\u021bilor de \u00eenv\u0103\u021bare<\/strong> \u00een englez\u0103, rom\u00e2n\u0103, spaniol\u0103 \u0219i greac\u0103.<\/p>\n<p>Desc\u0103rca\u021bi <strong>Brosura MOOC<\/strong> \u00een englez\u0103, rom\u00e2n\u0103, spaniol\u0103 \u0219i greac\u0103.<\/p>\n<p>Desc\u0103rca\u021bi <strong>Ghidul de bune practici MOOC<\/strong><\/td>\n<\/tr>\n<\/tbody>\n<\/table>\n","protected":false},"excerpt":{"rendered":"<p>Cursul online masiv deschis \u201ePromovarea vaccin\u0103rii \u0219i combaterea ezit\u0103rii la vaccin\u201d \u00ee\u0219i propune s\u0103 \u00eembun\u0103t\u0103\u021beasc\u0103 cuno\u0219tin\u021bele, comunicarea, abilit\u0103\u021bile culturale \u0219i sociale ale profesioni\u0219tilor din domeniul s\u0103n\u0103t\u0103\u021bii \u0219i s\u0103 ii \u00eemputerniceasc\u0103 s\u0103 lupte \u00eempotriva dezinformarii, s\u0103 abordeze ezitarea la vaccin \u0219i s\u0103 \u00eembun\u0103t\u0103\u021beasc\u0103 \u00eencrederea \u00een vaccin a persoanelor mai ezitante \u0219i \u00een special a \u00a0grupurilor dezavantaja\u021be. Cursul se adreseaz\u0103 lucr\u0103torilor din domeniul s\u0103n\u0103t\u0103\u021bii \u0219i din domeniul asisten\u021bei sociale implica\u021bi \u00een administrarea vaccin\u0103rii, asisten\u021bilor medicali sau medicilor, asistentilor medicali \u0219colari sau comunitari, profesorilor \u0219i studen\u021bilor din domeniul sanatatii sau altor profesioni\u0219ti din domeniul s\u0103n\u0103t\u0103\u021bii care doresc s\u0103-\u0219i \u00eembun\u0103t\u0103\u021beasc\u0103 cuno\u0219tin\u021bele \u0219i abilit\u0103\u021bile privind [&hellip;]<\/p>\n","protected":false},"author":1,"featured_media":0,"parent":0,"menu_order":0,"comment_status":"closed","ping_status":"closed","template":"template-fullwidth.php","meta":{"footnotes":""},"class_list":["post-6558","page","type-page","status-publish","hentry"],"translation":{"provider":"WPGlobus","version":"2.12.2","language":"ro","enabled_languages":["en","es","el","ro"],"languages":{"en":{"title":true,"content":true,"excerpt":false},"es":{"title":false,"content":true,"excerpt":false},"el":{"title":false,"content":true,"excerpt":false},"ro":{"title":false,"content":true,"excerpt":false}}},"yoast_head":"<!-- This site is optimized with the Yoast SEO plugin v21.1 - https:\/\/yoast.com\/wordpress\/plugins\/seo\/ -->\n<title>MOOC -<\/title>\n<meta name=\"robots\" content=\"index, follow, max-snippet:-1, max-image-preview:large, max-video-preview:-1\" \/>\n<link rel=\"canonical\" href=\"https:\/\/iene11.eu\/mooc\/\" \/>\n<meta property=\"og:locale\" content=\"ro_RO\" \/>\n<meta property=\"og:type\" content=\"article\" \/>\n<meta property=\"og:title\" content=\"MOOC -\" \/>\n<meta property=\"og:url\" content=\"https:\/\/iene11.eu\/mooc\/\" \/>\n<meta property=\"article:modified_time\" content=\"2023-12-28T18:46:49+00:00\" \/>\n<meta property=\"og:image\" content=\"https:\/\/iene11.eu\/wp-content\/uploads\/2023\/07\/poster-227x300.png\" \/>\n<meta name=\"twitter:card\" content=\"summary_large_image\" \/>\n<meta name=\"twitter:label1\" content=\"Est. reading time\" \/>\n\t<meta name=\"twitter:data1\" content=\"2 minutes\" \/>\n<script type=\"application\/ld+json\" class=\"yoast-schema-graph\">{\"@context\":\"https:\/\/schema.org\",\"@graph\":[{\"@type\":\"WebPage\",\"@id\":\"https:\/\/iene11.eu\/mooc\/\",\"url\":\"https:\/\/iene11.eu\/mooc\/\",\"name\":\"MOOC -\",\"isPartOf\":{\"@id\":\"https:\/\/iene11.eu\/#website\"},\"datePublished\":\"2023-01-31T20:34:58+00:00\",\"dateModified\":\"2023-12-28T18:46:49+00:00\",\"breadcrumb\":{\"@id\":\"https:\/\/iene11.eu\/mooc\/#breadcrumb\"},\"inLanguage\":\"ro-RO\",\"potentialAction\":[{\"@type\":\"ReadAction\",\"target\":[\"https:\/\/iene11.eu\/mooc\/\"]}]},{\"@type\":\"BreadcrumbList\",\"@id\":\"https:\/\/iene11.eu\/mooc\/#breadcrumb\",\"itemListElement\":[{\"@type\":\"ListItem\",\"position\":1,\"name\":\"Home\",\"item\":\"https:\/\/iene11.eu\/\"},{\"@type\":\"ListItem\",\"position\":2,\"name\":\"MOOC\"}]},{\"@type\":\"WebSite\",\"@id\":\"https:\/\/iene11.eu\/#website\",\"url\":\"https:\/\/iene11.eu\/\",\"name\":\"\",\"description\":\"Empowering nurses and healthcare professionals to promote vaccination and tackle vaccine hesitancy\",\"potentialAction\":[{\"@type\":\"SearchAction\",\"target\":{\"@type\":\"EntryPoint\",\"urlTemplate\":\"https:\/\/iene11.eu\/?s={search_term_string}\"},\"query-input\":\"required name=search_term_string\"}],\"inLanguage\":\"ro-RO\"}]}<\/script>\n<!-- \/ Yoast SEO plugin. -->","yoast_head_json":{"title":"MOOC -","robots":{"index":"index","follow":"follow","max-snippet":"max-snippet:-1","max-image-preview":"max-image-preview:large","max-video-preview":"max-video-preview:-1"},"canonical":"https:\/\/iene11.eu\/mooc\/","og_locale":"ro_RO","og_type":"article","og_title":"MOOC -","og_url":"https:\/\/iene11.eu\/mooc\/","article_modified_time":"2023-12-28T18:46:49+00:00","og_image":[{"url":"https:\/\/iene11.eu\/wp-content\/uploads\/2023\/07\/poster-227x300.png"}],"twitter_card":"summary_large_image","twitter_misc":{"Est. reading time":"2 minutes"},"schema":{"@context":"https:\/\/schema.org","@graph":[{"@type":"WebPage","@id":"https:\/\/iene11.eu\/mooc\/","url":"https:\/\/iene11.eu\/mooc\/","name":"MOOC -","isPartOf":{"@id":"https:\/\/iene11.eu\/#website"},"datePublished":"2023-01-31T20:34:58+00:00","dateModified":"2023-12-28T18:46:49+00:00","breadcrumb":{"@id":"https:\/\/iene11.eu\/mooc\/#breadcrumb"},"inLanguage":"ro-RO","potentialAction":[{"@type":"ReadAction","target":["https:\/\/iene11.eu\/mooc\/"]}]},{"@type":"BreadcrumbList","@id":"https:\/\/iene11.eu\/mooc\/#breadcrumb","itemListElement":[{"@type":"ListItem","position":1,"name":"Home","item":"https:\/\/iene11.eu\/"},{"@type":"ListItem","position":2,"name":"MOOC"}]},{"@type":"WebSite","@id":"https:\/\/iene11.eu\/#website","url":"https:\/\/iene11.eu\/","name":"","description":"Empowering nurses and healthcare professionals to promote vaccination and tackle vaccine hesitancy","potentialAction":[{"@type":"SearchAction","target":{"@type":"EntryPoint","urlTemplate":"https:\/\/iene11.eu\/?s={search_term_string}"},"query-input":"required name=search_term_string"}],"inLanguage":"ro-RO"}]}},"_links":{"self":[{"href":"https:\/\/iene11.eu\/ro\/wp-json\/wp\/v2\/pages\/6558","targetHints":{"allow":["GET"]}}],"collection":[{"href":"https:\/\/iene11.eu\/ro\/wp-json\/wp\/v2\/pages"}],"about":[{"href":"https:\/\/iene11.eu\/ro\/wp-json\/wp\/v2\/types\/page"}],"author":[{"embeddable":true,"href":"https:\/\/iene11.eu\/ro\/wp-json\/wp\/v2\/users\/1"}],"replies":[{"embeddable":true,"href":"https:\/\/iene11.eu\/ro\/wp-json\/wp\/v2\/comments?post=6558"}],"version-history":[{"count":38,"href":"https:\/\/iene11.eu\/ro\/wp-json\/wp\/v2\/pages\/6558\/revisions"}],"predecessor-version":[{"id":6970,"href":"https:\/\/iene11.eu\/ro\/wp-json\/wp\/v2\/pages\/6558\/revisions\/6970"}],"wp:attachment":[{"href":"https:\/\/iene11.eu\/ro\/wp-json\/wp\/v2\/media?parent=6558"}],"curies":[{"name":"wp","href":"https:\/\/api.w.org\/{rel}","templated":true}]}}