{"id":69,"date":"2016-02-11T18:26:18","date_gmt":"2016-02-11T18:26:18","guid":{"rendered":"http:\/\/uibiproject.org\/uibiproject.org\/?page_id=69"},"modified":"2023-08-29T16:00:14","modified_gmt":"2023-08-29T16:00:14","slug":"project","status":"publish","type":"page","link":"https:\/\/iene11.eu\/ro\/project\/","title":{"rendered":"Proiectul IENE11"},"content":{"rendered":"<p>Proiectul IENE 11 PROVAC este un r\u0103spuns puternic la cererea european\u0103 important\u0103 \u0219i actual\u0103, subliniat\u0103 \u00een Strategia UE pentru vaccinuri COVID-19, pentru a preg\u0103ti profesioni\u0219tii din domeniul s\u0103n\u0103t\u0103\u021bii ca surse de \u00eencredere de informa\u021bii cu privire la chestiuni legate de vaccinare \u0219i pentru a le \u00eemputernici s\u0103 abordeze ezitarea la vaccin, s\u0103 abordeze dezinformarea \u0219i dezinformarea, asigurarea unei comunic\u0103ri clare cu privire la beneficiile, riscurile \u0219i importan\u021ba vaccinurilor COVID-19 \u0219i construirea \u00eencrederii publicului \u00een vaccinuri.<\/p>\n<p>Proiectul \u00ee\u0219i propune s\u0103 sprijine \u0219i s\u0103 formeze profesioni\u0219tii din domeniul s\u0103n\u0103t\u0103\u021bii pentru a promova vaccinarea \u0219i a aborda ezitarea la vaccin, pentru a-\u0219i \u00eembun\u0103t\u0103\u021bi cuno\u0219tin\u021bele despre vaccin \u0219i vaccinare \u0219i pentru a dezvolta abilit\u0103\u021bi de comunicare, abilit\u0103\u021bi culturale \u0219i de rela\u021bie social\u0103, \u00eemputernicindu-i s\u0103 lupte \u00eempotriva dezinformarii, abord\u00e2nd ezitarea la vaccin \u0219i \u00eembun\u0103t\u0103\u021bind. \u00eencrederea \u00een vaccin pentru persoanele care sunt mai ezitante sau persoanele din grupuri dezavantajate.<\/p>\n<p>Obiectivele proiectului sunt:<\/p>\n<ul>\n<li>Cre\u0219terea nivelului de cuno\u0219tin\u021be privind vaccinul \u0219i vaccinarea profesioni\u0219tilor din domeniul s\u0103n\u0103t\u0103\u021bii \u0219i sprijinirea acestora pentru a promova vaccinarea \u0219i a aborda cu ezitare la vaccinare<\/li>\n<li>Consolidarea aspectelor legate de vaccinare \u0219i imunizare \u00een programele de formare \u0219i educa\u021bia profesioni\u0219tilor din domeniul s\u0103n\u0103t\u0103\u021bii<\/li>\n<li>Cre\u0219terea calit\u0103\u021bii \u00een formarea continu\u0103 a lucr\u0103torilor din domeniul s\u0103n\u0103t\u0103\u021bii implica\u021bi \u00een vaccinare<\/li>\n<\/ul>\n","protected":false},"excerpt":{"rendered":"<p>Proiectul IENE 11 PROVAC este un r\u0103spuns puternic la cererea european\u0103 important\u0103 \u0219i actual\u0103, subliniat\u0103 \u00een Strategia UE pentru vaccinuri COVID-19, pentru a preg\u0103ti profesioni\u0219tii din domeniul s\u0103n\u0103t\u0103\u021bii ca surse de \u00eencredere de informa\u021bii cu privire la chestiuni legate de vaccinare \u0219i pentru a le \u00eemputernici s\u0103 abordeze ezitarea la vaccin, s\u0103 abordeze dezinformarea \u0219i dezinformarea, asigurarea unei comunic\u0103ri clare cu privire la beneficiile, riscurile \u0219i importan\u021ba vaccinurilor COVID-19 \u0219i construirea \u00eencrederii publicului \u00een vaccinuri. Proiectul \u00ee\u0219i propune s\u0103 sprijine \u0219i s\u0103 formeze profesioni\u0219tii din domeniul s\u0103n\u0103t\u0103\u021bii pentru a promova vaccinarea \u0219i a aborda ezitarea la vaccin, pentru a-\u0219i \u00eembun\u0103t\u0103\u021bi [&hellip;]<\/p>\n","protected":false},"author":1,"featured_media":0,"parent":0,"menu_order":2,"comment_status":"closed","ping_status":"closed","template":"","meta":{"footnotes":""},"class_list":["post-69","page","type-page","status-publish","hentry"],"translation":{"provider":"WPGlobus","version":"2.12.2","language":"ro","enabled_languages":["en","es","el","ro"],"languages":{"en":{"title":true,"content":true,"excerpt":false},"es":{"title":true,"content":true,"excerpt":false},"el":{"title":true,"content":true,"excerpt":false},"ro":{"title":true,"content":true,"excerpt":false}}},"yoast_head":"<!-- This site is optimized with the Yoast SEO plugin v21.1 - https:\/\/yoast.com\/wordpress\/plugins\/seo\/ -->\n<title>Proiectul IENE11 -<\/title>\n<meta name=\"robots\" content=\"index, follow, max-snippet:-1, max-image-preview:large, max-video-preview:-1\" \/>\n<link rel=\"canonical\" href=\"https:\/\/iene11.eu\/project\/\" \/>\n<meta property=\"og:locale\" content=\"ro_RO\" \/>\n<meta property=\"og:type\" content=\"article\" \/>\n<meta property=\"og:title\" content=\"Proiectul IENE11 -\" \/>\n<meta property=\"og:url\" content=\"https:\/\/iene11.eu\/project\/\" \/>\n<meta property=\"article:modified_time\" content=\"2023-08-29T16:00:14+00:00\" \/>\n<meta name=\"twitter:card\" content=\"summary_large_image\" \/>\n<meta name=\"twitter:label1\" content=\"Est. reading time\" \/>\n\t<meta name=\"twitter:data1\" content=\"3 minutes\" \/>\n<script type=\"application\/ld+json\" class=\"yoast-schema-graph\">{\"@context\":\"https:\/\/schema.org\",\"@graph\":[{\"@type\":\"WebPage\",\"@id\":\"https:\/\/iene11.eu\/project\/\",\"url\":\"https:\/\/iene11.eu\/project\/\",\"name\":\"Proiectul IENE11 -\",\"isPartOf\":{\"@id\":\"https:\/\/iene11.eu\/#website\"},\"datePublished\":\"2016-02-11T18:26:18+00:00\",\"dateModified\":\"2023-08-29T16:00:14+00:00\",\"breadcrumb\":{\"@id\":\"https:\/\/iene11.eu\/project\/#breadcrumb\"},\"inLanguage\":\"ro-RO\",\"potentialAction\":[{\"@type\":\"ReadAction\",\"target\":[\"https:\/\/iene11.eu\/project\/\"]}]},{\"@type\":\"BreadcrumbList\",\"@id\":\"https:\/\/iene11.eu\/project\/#breadcrumb\",\"itemListElement\":[{\"@type\":\"ListItem\",\"position\":1,\"name\":\"Home\",\"item\":\"https:\/\/iene11.eu\/\"},{\"@type\":\"ListItem\",\"position\":2,\"name\":\"IENE11 Project\"}]},{\"@type\":\"WebSite\",\"@id\":\"https:\/\/iene11.eu\/#website\",\"url\":\"https:\/\/iene11.eu\/\",\"name\":\"\",\"description\":\"Empowering nurses and healthcare professionals to promote vaccination and tackle vaccine hesitancy\",\"potentialAction\":[{\"@type\":\"SearchAction\",\"target\":{\"@type\":\"EntryPoint\",\"urlTemplate\":\"https:\/\/iene11.eu\/?s={search_term_string}\"},\"query-input\":\"required name=search_term_string\"}],\"inLanguage\":\"ro-RO\"}]}<\/script>\n<!-- \/ Yoast SEO plugin. -->","yoast_head_json":{"title":"Proiectul IENE11 -","robots":{"index":"index","follow":"follow","max-snippet":"max-snippet:-1","max-image-preview":"max-image-preview:large","max-video-preview":"max-video-preview:-1"},"canonical":"https:\/\/iene11.eu\/project\/","og_locale":"ro_RO","og_type":"article","og_title":"Proiectul IENE11 -","og_url":"https:\/\/iene11.eu\/project\/","article_modified_time":"2023-08-29T16:00:14+00:00","twitter_card":"summary_large_image","twitter_misc":{"Est. reading time":"3 minutes"},"schema":{"@context":"https:\/\/schema.org","@graph":[{"@type":"WebPage","@id":"https:\/\/iene11.eu\/project\/","url":"https:\/\/iene11.eu\/project\/","name":"Proiectul IENE11 -","isPartOf":{"@id":"https:\/\/iene11.eu\/#website"},"datePublished":"2016-02-11T18:26:18+00:00","dateModified":"2023-08-29T16:00:14+00:00","breadcrumb":{"@id":"https:\/\/iene11.eu\/project\/#breadcrumb"},"inLanguage":"ro-RO","potentialAction":[{"@type":"ReadAction","target":["https:\/\/iene11.eu\/project\/"]}]},{"@type":"BreadcrumbList","@id":"https:\/\/iene11.eu\/project\/#breadcrumb","itemListElement":[{"@type":"ListItem","position":1,"name":"Home","item":"https:\/\/iene11.eu\/"},{"@type":"ListItem","position":2,"name":"IENE11 Project"}]},{"@type":"WebSite","@id":"https:\/\/iene11.eu\/#website","url":"https:\/\/iene11.eu\/","name":"","description":"Empowering nurses and healthcare professionals to promote vaccination and tackle vaccine hesitancy","potentialAction":[{"@type":"SearchAction","target":{"@type":"EntryPoint","urlTemplate":"https:\/\/iene11.eu\/?s={search_term_string}"},"query-input":"required name=search_term_string"}],"inLanguage":"ro-RO"}]}},"_links":{"self":[{"href":"https:\/\/iene11.eu\/ro\/wp-json\/wp\/v2\/pages\/69","targetHints":{"allow":["GET"]}}],"collection":[{"href":"https:\/\/iene11.eu\/ro\/wp-json\/wp\/v2\/pages"}],"about":[{"href":"https:\/\/iene11.eu\/ro\/wp-json\/wp\/v2\/types\/page"}],"author":[{"embeddable":true,"href":"https:\/\/iene11.eu\/ro\/wp-json\/wp\/v2\/users\/1"}],"replies":[{"embeddable":true,"href":"https:\/\/iene11.eu\/ro\/wp-json\/wp\/v2\/comments?post=69"}],"version-history":[{"count":13,"href":"https:\/\/iene11.eu\/ro\/wp-json\/wp\/v2\/pages\/69\/revisions"}],"predecessor-version":[{"id":6901,"href":"https:\/\/iene11.eu\/ro\/wp-json\/wp\/v2\/pages\/69\/revisions\/6901"}],"wp:attachment":[{"href":"https:\/\/iene11.eu\/ro\/wp-json\/wp\/v2\/media?parent=69"}],"curies":[{"name":"wp","href":"https:\/\/api.w.org\/{rel}","templated":true}]}}