{"id":83,"date":"2022-07-11T18:59:01","date_gmt":"2022-07-11T18:59:01","guid":{"rendered":"http:\/\/uibiproject.org\/uibiproject.org\/?page_id=83"},"modified":"2023-12-28T16:42:59","modified_gmt":"2023-12-28T16:42:59","slug":"activities","status":"publish","type":"page","link":"https:\/\/iene11.eu\/ro\/project\/activities\/","title":{"rendered":"Activit\u0103\u0163i"},"content":{"rendered":"<p>Proiectul a \u00eenceput cu o cercetare privind vaccinarea \u0219i imunizarea pentru a detecta problemele cheie \u0219i a stabili subiectele pentru Ghidul Informativ. Partenerii au cartografiat pe internet resursele informative \u0219i instrumentele care pot fi utilizate de personalul medical pentru a-\u0219i \u00a0actualizar \u00a0\u0219i \u00eembun\u0103t\u0103\u021bi \u00a0cuno\u0219tin\u021bele despre vaccin \u0219i vaccinare.<\/p>\n<p>Apoi, partenerii au creat 20 de <strong>Fi\u0219e informative,<\/strong> le-au tradus \u00een englez\u0103, rom\u00e2n\u0103, spaniol\u0103 \u0219i greac\u0103 \u0219i au organizat campanii informative \u00een r\u00e2ndul grupurilor vulnerabile \u0219i a \u00a0persoanelor care ezit\u0103 la vaccinare.<\/p>\n<p>Baz\u00e2ndu-se pe Modelul PPT\/IENE, dezvoltat \u00een proiectele IENE anterioare, partenerii au stabilit un\u00a0 <strong>Curriculum<\/strong> \u00a0de formare \u00a0profesioni\u0219tilor din domeniul s\u0103n\u0103t\u0103\u021bii implica\u021bi \u00een vaccinare \u0219i imunizare, av\u00e2nd ca scop \u00eembun\u0103t\u0103\u021birea competen\u021belor, abilit\u0103\u021bilor de comunicare \u0219i stabilirea de rela\u021bii sociale pentru a lucra cu persoane care provin din grupuri greu accesibile \u0219i aborda ezitarea la vaccin.<\/p>\n<p>Apoi, partenerii au creat 20 de <strong>Instrumente de \u00eenv\u0103\u021bare<\/strong> \u00a0de dimensiuni mici, organizate \u00eentr-o form\u0103 atractiv\u0103 cu link-uri c\u0103tre resurse suplimentare, videoclipuri You tube, anima\u021bii \u0219i alte surse de informa\u021bii colectate de pe Internet \u00een licen\u021b\u0103 CC . Aceste instrumente sunt disponibile pe platforma web \u00een limba englez\u0103, rom\u00e2n\u0103 , spaniol\u0103 \u0219i greac\u0103 si pot fi utilizate de personalul medical pentru auto-\u00eenv\u0103\u021bare \u0219i pentru a-\u0219i \u00eembun\u0103t\u0103\u021bi cuno\u0219tin\u021bele despre vaccinare.<\/p>\n<p>Sub coordonarea Edunet, partenerii au creat metodologia \u0219i con\u021binutul pentru un Curs de instruire privind vaccinarea \u0219i au creat Cursul online (MOOC), cu scopul de a preg\u0103ti profesioni\u0219tii din domeniul s\u0103n\u0103t\u0103\u021bii pentru a aborda ezitarea la vaccin.<\/p>\n<p>Cursul a fost organizat, pilotat \u0219i evaluat pe parcursul a \u0219ase s\u0103pt\u0103m\u00e2ni, din 2 octombrie 2023 p\u00e2n\u0103 \u00een 10 noiembrie 2023.<\/p>\n<p>Participan\u021bii la MOOC \u0219i-au sporit cuno\u0219tin\u021bele despre vaccinare, con\u0219tientizarea cultural\u0103 \u0219i cuno\u0219tin\u021bele culturale despre persoanele ezitante \u0219i vulnerabile, g\u00e2ndirea \u0219i convingerile lor culturale \u00een fa\u021ba vaccin\u0103rii \u0219i, de asemenea, \u0219i-au sporit abilit\u0103\u021bile de a informa, sf\u0103tui, promova, sus\u021bine \u00a0vaccinarea si de a combate \u00a0ne\u00een\u021belegerile \u0219i miturile vaccin\u0103rii,a influen\u021ba , ob\u021bine \u00a0\u00eencrederea \u00een vaccin a grupurilor \u00a0greu accesibile.<\/p>\n","protected":false},"excerpt":{"rendered":"<p>Proiectul a \u00eenceput cu o cercetare privind vaccinarea \u0219i imunizarea pentru a detecta problemele cheie \u0219i a stabili subiectele pentru Ghidul Informativ. Partenerii au cartografiat pe internet resursele informative \u0219i instrumentele care pot fi utilizate de personalul medical pentru a-\u0219i \u00a0actualizar \u00a0\u0219i \u00eembun\u0103t\u0103\u021bi \u00a0cuno\u0219tin\u021bele despre vaccin \u0219i vaccinare. Apoi, partenerii au creat 20 de Fi\u0219e informative, le-au tradus \u00een englez\u0103, rom\u00e2n\u0103, spaniol\u0103 \u0219i greac\u0103 \u0219i au organizat campanii informative \u00een r\u00e2ndul grupurilor vulnerabile \u0219i a \u00a0persoanelor care ezit\u0103 la vaccinare. Baz\u00e2ndu-se pe Modelul PPT\/IENE, dezvoltat \u00een proiectele IENE anterioare, partenerii au stabilit un\u00a0 Curriculum \u00a0de formare \u00a0profesioni\u0219tilor din domeniul s\u0103n\u0103t\u0103\u021bii [&hellip;]<\/p>\n","protected":false},"author":1,"featured_media":0,"parent":69,"menu_order":4,"comment_status":"closed","ping_status":"closed","template":"template-fullwidth.php","meta":{"footnotes":""},"class_list":["post-83","page","type-page","status-publish","hentry"],"translation":{"provider":"WPGlobus","version":"2.12.2","language":"ro","enabled_languages":["en","es","el","ro"],"languages":{"en":{"title":true,"content":true,"excerpt":false},"es":{"title":true,"content":true,"excerpt":false},"el":{"title":true,"content":true,"excerpt":false},"ro":{"title":true,"content":true,"excerpt":false}}},"yoast_head":"<!-- This site is optimized with the Yoast SEO plugin v21.1 - https:\/\/yoast.com\/wordpress\/plugins\/seo\/ -->\n<title>Activit\u0103\u0163i -<\/title>\n<meta name=\"robots\" content=\"index, follow, max-snippet:-1, max-image-preview:large, max-video-preview:-1\" \/>\n<link rel=\"canonical\" href=\"https:\/\/iene11.eu\/project\/activities\/\" \/>\n<meta property=\"og:locale\" content=\"ro_RO\" \/>\n<meta property=\"og:type\" content=\"article\" \/>\n<meta property=\"og:title\" content=\"Activit\u0103\u0163i -\" \/>\n<meta property=\"og:url\" content=\"https:\/\/iene11.eu\/project\/activities\/\" \/>\n<meta property=\"article:modified_time\" content=\"2023-12-28T16:42:59+00:00\" \/>\n<meta name=\"twitter:card\" content=\"summary_large_image\" \/>\n<meta name=\"twitter:label1\" content=\"Est. reading time\" \/>\n\t<meta name=\"twitter:data1\" content=\"2 minutes\" \/>\n<script type=\"application\/ld+json\" class=\"yoast-schema-graph\">{\"@context\":\"https:\/\/schema.org\",\"@graph\":[{\"@type\":\"WebPage\",\"@id\":\"https:\/\/iene11.eu\/project\/activities\/\",\"url\":\"https:\/\/iene11.eu\/project\/activities\/\",\"name\":\"Activit\u0103\u0163i -\",\"isPartOf\":{\"@id\":\"https:\/\/iene11.eu\/#website\"},\"datePublished\":\"2022-07-11T18:59:01+00:00\",\"dateModified\":\"2023-12-28T16:42:59+00:00\",\"breadcrumb\":{\"@id\":\"https:\/\/iene11.eu\/project\/activities\/#breadcrumb\"},\"inLanguage\":\"ro-RO\",\"potentialAction\":[{\"@type\":\"ReadAction\",\"target\":[\"https:\/\/iene11.eu\/project\/activities\/\"]}]},{\"@type\":\"BreadcrumbList\",\"@id\":\"https:\/\/iene11.eu\/project\/activities\/#breadcrumb\",\"itemListElement\":[{\"@type\":\"ListItem\",\"position\":1,\"name\":\"Home\",\"item\":\"https:\/\/iene11.eu\/\"},{\"@type\":\"ListItem\",\"position\":2,\"name\":\"IENE11 Project\",\"item\":\"https:\/\/iene11.eu\/project\/\"},{\"@type\":\"ListItem\",\"position\":3,\"name\":\"Activities\"}]},{\"@type\":\"WebSite\",\"@id\":\"https:\/\/iene11.eu\/#website\",\"url\":\"https:\/\/iene11.eu\/\",\"name\":\"\",\"description\":\"Empowering nurses and healthcare professionals to promote vaccination and tackle vaccine hesitancy\",\"potentialAction\":[{\"@type\":\"SearchAction\",\"target\":{\"@type\":\"EntryPoint\",\"urlTemplate\":\"https:\/\/iene11.eu\/?s={search_term_string}\"},\"query-input\":\"required name=search_term_string\"}],\"inLanguage\":\"ro-RO\"}]}<\/script>\n<!-- \/ Yoast SEO plugin. -->","yoast_head_json":{"title":"Activit\u0103\u0163i -","robots":{"index":"index","follow":"follow","max-snippet":"max-snippet:-1","max-image-preview":"max-image-preview:large","max-video-preview":"max-video-preview:-1"},"canonical":"https:\/\/iene11.eu\/project\/activities\/","og_locale":"ro_RO","og_type":"article","og_title":"Activit\u0103\u0163i -","og_url":"https:\/\/iene11.eu\/project\/activities\/","article_modified_time":"2023-12-28T16:42:59+00:00","twitter_card":"summary_large_image","twitter_misc":{"Est. reading time":"2 minutes"},"schema":{"@context":"https:\/\/schema.org","@graph":[{"@type":"WebPage","@id":"https:\/\/iene11.eu\/project\/activities\/","url":"https:\/\/iene11.eu\/project\/activities\/","name":"Activit\u0103\u0163i -","isPartOf":{"@id":"https:\/\/iene11.eu\/#website"},"datePublished":"2022-07-11T18:59:01+00:00","dateModified":"2023-12-28T16:42:59+00:00","breadcrumb":{"@id":"https:\/\/iene11.eu\/project\/activities\/#breadcrumb"},"inLanguage":"ro-RO","potentialAction":[{"@type":"ReadAction","target":["https:\/\/iene11.eu\/project\/activities\/"]}]},{"@type":"BreadcrumbList","@id":"https:\/\/iene11.eu\/project\/activities\/#breadcrumb","itemListElement":[{"@type":"ListItem","position":1,"name":"Home","item":"https:\/\/iene11.eu\/"},{"@type":"ListItem","position":2,"name":"IENE11 Project","item":"https:\/\/iene11.eu\/project\/"},{"@type":"ListItem","position":3,"name":"Activities"}]},{"@type":"WebSite","@id":"https:\/\/iene11.eu\/#website","url":"https:\/\/iene11.eu\/","name":"","description":"Empowering nurses and healthcare professionals to promote vaccination and tackle vaccine hesitancy","potentialAction":[{"@type":"SearchAction","target":{"@type":"EntryPoint","urlTemplate":"https:\/\/iene11.eu\/?s={search_term_string}"},"query-input":"required name=search_term_string"}],"inLanguage":"ro-RO"}]}},"_links":{"self":[{"href":"https:\/\/iene11.eu\/ro\/wp-json\/wp\/v2\/pages\/83","targetHints":{"allow":["GET"]}}],"collection":[{"href":"https:\/\/iene11.eu\/ro\/wp-json\/wp\/v2\/pages"}],"about":[{"href":"https:\/\/iene11.eu\/ro\/wp-json\/wp\/v2\/types\/page"}],"author":[{"embeddable":true,"href":"https:\/\/iene11.eu\/ro\/wp-json\/wp\/v2\/users\/1"}],"replies":[{"embeddable":true,"href":"https:\/\/iene11.eu\/ro\/wp-json\/wp\/v2\/comments?post=83"}],"version-history":[{"count":13,"href":"https:\/\/iene11.eu\/ro\/wp-json\/wp\/v2\/pages\/83\/revisions"}],"predecessor-version":[{"id":6952,"href":"https:\/\/iene11.eu\/ro\/wp-json\/wp\/v2\/pages\/83\/revisions\/6952"}],"up":[{"embeddable":true,"href":"https:\/\/iene11.eu\/ro\/wp-json\/wp\/v2\/pages\/69"}],"wp:attachment":[{"href":"https:\/\/iene11.eu\/ro\/wp-json\/wp\/v2\/media?parent=83"}],"curies":[{"name":"wp","href":"https:\/\/api.w.org\/{rel}","templated":true}]}}